{"id":335,"date":"2025-03-17T09:30:48","date_gmt":"2025-03-17T08:30:48","guid":{"rendered":"https:\/\/dev.movefusion.eu\/mentions-legales\/"},"modified":"2026-04-08T15:43:27","modified_gmt":"2026-04-08T13:43:27","slug":"legal-notice","status":"publish","type":"page","link":"https:\/\/dev.movefusion.eu\/fr\/legal-notice\/","title":{"rendered":"Mentions l\u00e9gales"},"content":{"rendered":"\n<h2 class=\"wp-block-heading\">\u00c9diteur du site<\/h2>\n\n\n\n<p>Le site internet <strong><a>www.movefusion.eu<\/a><\/strong> (le \u00ab Site \u00bb) est \u00e9dit\u00e9 par :<\/p>\n\n\n\n<p><strong>Trinoma<\/strong><br>38 avenue des C\u00e9vennes<br>48800 Villefort<br>T\u00e9l : +33 (0)4 72 27 17 99<br><a>contact@trinoma.fr<\/a><br>SIRET : 79899784700024<\/p>\n\n\n\n<p>L\u2019\u00e9diteur est responsable du contenu et de la gestion du site.<\/p>\n\n\n\n<h2 class=\"wp-block-heading\">Conception et d\u00e9veloppement du site<\/h2>\n\n\n\n<p>Conception et d\u00e9veloppement du site :<\/p>\n\n\n\n<p><strong>AFA Multimedia<\/strong><br>2 rue du Coudenas<br>48100 Bourgs-sur-Colagne<br>Site web : <a href=\"https:\/\/afa-multimedia.com\">https:\/\/afa-multimedia.com<\/a><\/p>\n\n\n\n<p>AFA Multimedia est responsable de la conception, du d\u00e9veloppement et de la r\u00e9alisation technique du site.<\/p>\n\n\n\n<h2 class=\"wp-block-heading\">H\u00e9bergement du site<\/h2>\n\n\n\n<p>Le site est h\u00e9berg\u00e9 par :<\/p>\n\n\n\n<p><strong>Infomaniak Network SA<\/strong><br>Rue Eug\u00e8ne-Marziano 25<br>1227 Les Acacias<br>Gen\u00e8ve, Suisse<\/p>\n\n\n\n<p>Site web : <a href=\"https:\/\/www.infomaniak.com\">https:\/\/www.infomaniak.com<\/a><\/p>\n\n\n\n<h2 class=\"wp-block-heading\">Propri\u00e9t\u00e9 intellectuelle<\/h2>\n\n\n\n<p>L\u2019ensemble des contenus pr\u00e9sents sur ce site, incluant notamment les textes, images, graphiques, logos, vid\u00e9os, ic\u00f4nes et \u00e9l\u00e9ments de conception, est prot\u00e9g\u00e9 par les lois relatives \u00e0 la propri\u00e9t\u00e9 intellectuelle.<\/p>\n\n\n\n<p>Sauf mention contraire, ces \u00e9l\u00e9ments sont la propri\u00e9t\u00e9 exclusive de <strong>Trinoma<\/strong> ou de ses partenaires.<\/p>\n\n\n\n<p>Toute reproduction, distribution, modification ou utilisation de ces contenus sans autorisation \u00e9crite pr\u00e9alable est strictement interdite.<\/p>\n\n\n\n<h2 class=\"wp-block-heading\">Limitation de responsabilit\u00e9<\/h2>\n\n\n\n<p>Les informations fournies sur ce site ont un caract\u00e8re purement informatif.<\/p>\n\n\n\n<p><strong>Trinoma<\/strong> s\u2019efforce d\u2019assurer l\u2019exactitude et la mise \u00e0 jour des informations publi\u00e9es sur le site. Toutefois, l\u2019\u00e9diteur ne peut garantir en permanence l\u2019exhaustivit\u00e9 ou l\u2019exactitude des informations.<\/p>\n\n\n\n<p>Trinoma ne pourra \u00eatre tenu responsable de tout dommage direct ou indirect r\u00e9sultant de l\u2019utilisation du site.<\/p>\n\n\n\n<h2 class=\"wp-block-heading\">Liens externes<\/h2>\n\n\n\n<p>Ce site peut contenir des liens vers des sites web externes.<\/p>\n\n\n\n<p>Trinoma ne saurait \u00eatre tenu responsable du contenu, des politiques ou des pratiques de ces sites tiers.<\/p>\n\n\n\n<h2 class=\"wp-block-heading\">Droit applicable<\/h2>\n\n\n\n<p>Les pr\u00e9sentes mentions l\u00e9gales sont r\u00e9gies par les lois applicables dans le pays d\u2019\u00e9tablissement de l\u2019\u00e9diteur.<\/p>\n","protected":false},"excerpt":{"rendered":"<p>\u00c9diteur du site Le site internet www.movefusion.eu (le \u00ab Site \u00bb) est \u00e9dit\u00e9 par : Trinoma38 avenue des C\u00e9vennes48800 VillefortT\u00e9l : +33 (0)4 72 27 17 99contact@trinoma.frSIRET : 79899784700024 L\u2019\u00e9diteur est responsable du contenu et de la gestion du site. Conception et d\u00e9veloppement du site Conception et d\u00e9veloppement du site : AFA Multimedia2 rue du [&hellip;]<\/p>\n","protected":false},"author":1,"featured_media":0,"parent":0,"menu_order":0,"comment_status":"closed","ping_status":"closed","template":"","meta":{"_acf_changed":false,"footnotes":""},"class_list":["post-335","page","type-page","status-publish","hentry"],"acf":[],"yoast_head":"<!-- This site is optimized with the Yoast SEO plugin v26.3 - https:\/\/yoast.com\/wordpress\/plugins\/seo\/ -->\n<title>Mentions l\u00e9gales - Movefusion<\/title>\n<meta name=\"robots\" content=\"noindex, follow, max-snippet:-1, max-image-preview:large, max-video-preview:-1\" \/>\n<meta property=\"og:locale\" content=\"fr_FR\" \/>\n<meta property=\"og:type\" content=\"article\" \/>\n<meta property=\"og:title\" content=\"Mentions l\u00e9gales - Movefusion\" \/>\n<meta property=\"og:description\" content=\"\u00c9diteur du site Le site internet www.movefusion.eu (le \u00ab Site \u00bb) est \u00e9dit\u00e9 par : Trinoma38 avenue des C\u00e9vennes48800 VillefortT\u00e9l : +33 (0)4 72 27 17 99contact@trinoma.frSIRET : 79899784700024 L\u2019\u00e9diteur est responsable du contenu et de la gestion du site. Conception et d\u00e9veloppement du site Conception et d\u00e9veloppement du site : AFA Multimedia2 rue du [&hellip;]\" \/>\n<meta property=\"og:url\" content=\"https:\/\/dev.movefusion.eu\/fr\/legal-notice\/\" \/>\n<meta property=\"og:site_name\" content=\"Movefusion\" \/>\n<meta property=\"article:modified_time\" content=\"2026-04-08T13:43:27+00:00\" \/>\n<meta property=\"og:image\" content=\"https:\/\/dev.movefusion.eu\/wp-content\/uploads\/2024\/07\/logo_movefusion.webp\" \/>\n\t<meta property=\"og:image:width\" content=\"843\" \/>\n\t<meta property=\"og:image:height\" content=\"596\" \/>\n\t<meta property=\"og:image:type\" content=\"image\/webp\" \/>\n<meta name=\"twitter:card\" content=\"summary_large_image\" \/>\n<meta name=\"twitter:label1\" content=\"Dur\u00e9e de lecture estim\u00e9e\" \/>\n\t<meta name=\"twitter:data1\" content=\"2 minutes\" \/>\n<script type=\"application\/ld+json\" class=\"yoast-schema-graph\">{\"@context\":\"https:\/\/schema.org\",\"@graph\":[{\"@type\":\"WebPage\",\"@id\":\"https:\/\/dev.movefusion.eu\/fr\/legal-notice\/\",\"url\":\"https:\/\/dev.movefusion.eu\/fr\/legal-notice\/\",\"name\":\"Mentions l\u00e9gales - Movefusion\",\"isPartOf\":{\"@id\":\"https:\/\/dev.movefusion.eu\/#website\"},\"datePublished\":\"2025-03-17T08:30:48+00:00\",\"dateModified\":\"2026-04-08T13:43:27+00:00\",\"breadcrumb\":{\"@id\":\"https:\/\/dev.movefusion.eu\/fr\/legal-notice\/#breadcrumb\"},\"inLanguage\":\"fr-FR\",\"potentialAction\":[{\"@type\":\"ReadAction\",\"target\":[\"https:\/\/dev.movefusion.eu\/fr\/legal-notice\/\"]}]},{\"@type\":\"BreadcrumbList\",\"@id\":\"https:\/\/dev.movefusion.eu\/fr\/legal-notice\/#breadcrumb\",\"itemListElement\":[{\"@type\":\"ListItem\",\"position\":1,\"name\":\"Accueil\",\"item\":\"https:\/\/dev.movefusion.eu\/fr\/\"},{\"@type\":\"ListItem\",\"position\":2,\"name\":\"Mentions l\u00e9gales\"}]},{\"@type\":\"WebSite\",\"@id\":\"https:\/\/dev.movefusion.eu\/#website\",\"url\":\"https:\/\/dev.movefusion.eu\/\",\"name\":\"Movefusion\",\"description\":\"Movefusion by Trinoma\",\"publisher\":{\"@id\":\"https:\/\/dev.movefusion.eu\/#organization\"},\"alternateName\":\"Movefusion\",\"potentialAction\":[{\"@type\":\"SearchAction\",\"target\":{\"@type\":\"EntryPoint\",\"urlTemplate\":\"https:\/\/dev.movefusion.eu\/?s={search_term_string}\"},\"query-input\":{\"@type\":\"PropertyValueSpecification\",\"valueRequired\":true,\"valueName\":\"search_term_string\"}}],\"inLanguage\":\"fr-FR\"},{\"@type\":\"Organization\",\"@id\":\"https:\/\/dev.movefusion.eu\/#organization\",\"name\":\"Movefusion\",\"alternateName\":\"Movefusion\",\"url\":\"https:\/\/dev.movefusion.eu\/\",\"logo\":{\"@type\":\"ImageObject\",\"inLanguage\":\"fr-FR\",\"@id\":\"https:\/\/dev.movefusion.eu\/#\/schema\/logo\/image\/\",\"url\":\"https:\/\/dev.movefusion.eu\/wp-content\/uploads\/2024\/07\/logo_movefusion.webp\",\"contentUrl\":\"https:\/\/dev.movefusion.eu\/wp-content\/uploads\/2024\/07\/logo_movefusion.webp\",\"width\":843,\"height\":596,\"caption\":\"Movefusion\"},\"image\":{\"@id\":\"https:\/\/dev.movefusion.eu\/#\/schema\/logo\/image\/\"}}]}<\/script>\n<!-- \/ Yoast SEO plugin. -->","yoast_head_json":{"title":"Mentions l\u00e9gales - Movefusion","robots":{"index":"noindex","follow":"follow","max-snippet":"max-snippet:-1","max-image-preview":"max-image-preview:large","max-video-preview":"max-video-preview:-1"},"og_locale":"fr_FR","og_type":"article","og_title":"Mentions l\u00e9gales - Movefusion","og_description":"\u00c9diteur du site Le site internet www.movefusion.eu (le \u00ab Site \u00bb) est \u00e9dit\u00e9 par : Trinoma38 avenue des C\u00e9vennes48800 VillefortT\u00e9l : +33 (0)4 72 27 17 99contact@trinoma.frSIRET : 79899784700024 L\u2019\u00e9diteur est responsable du contenu et de la gestion du site. Conception et d\u00e9veloppement du site Conception et d\u00e9veloppement du site : AFA Multimedia2 rue du [&hellip;]","og_url":"https:\/\/dev.movefusion.eu\/fr\/legal-notice\/","og_site_name":"Movefusion","article_modified_time":"2026-04-08T13:43:27+00:00","og_image":[{"width":843,"height":596,"url":"https:\/\/dev.movefusion.eu\/wp-content\/uploads\/2024\/07\/logo_movefusion.webp","type":"image\/webp"}],"twitter_card":"summary_large_image","twitter_misc":{"Dur\u00e9e de lecture estim\u00e9e":"2 minutes"},"schema":{"@context":"https:\/\/schema.org","@graph":[{"@type":"WebPage","@id":"https:\/\/dev.movefusion.eu\/fr\/legal-notice\/","url":"https:\/\/dev.movefusion.eu\/fr\/legal-notice\/","name":"Mentions l\u00e9gales - Movefusion","isPartOf":{"@id":"https:\/\/dev.movefusion.eu\/#website"},"datePublished":"2025-03-17T08:30:48+00:00","dateModified":"2026-04-08T13:43:27+00:00","breadcrumb":{"@id":"https:\/\/dev.movefusion.eu\/fr\/legal-notice\/#breadcrumb"},"inLanguage":"fr-FR","potentialAction":[{"@type":"ReadAction","target":["https:\/\/dev.movefusion.eu\/fr\/legal-notice\/"]}]},{"@type":"BreadcrumbList","@id":"https:\/\/dev.movefusion.eu\/fr\/legal-notice\/#breadcrumb","itemListElement":[{"@type":"ListItem","position":1,"name":"Accueil","item":"https:\/\/dev.movefusion.eu\/fr\/"},{"@type":"ListItem","position":2,"name":"Mentions l\u00e9gales"}]},{"@type":"WebSite","@id":"https:\/\/dev.movefusion.eu\/#website","url":"https:\/\/dev.movefusion.eu\/","name":"Movefusion","description":"Movefusion by Trinoma","publisher":{"@id":"https:\/\/dev.movefusion.eu\/#organization"},"alternateName":"Movefusion","potentialAction":[{"@type":"SearchAction","target":{"@type":"EntryPoint","urlTemplate":"https:\/\/dev.movefusion.eu\/?s={search_term_string}"},"query-input":{"@type":"PropertyValueSpecification","valueRequired":true,"valueName":"search_term_string"}}],"inLanguage":"fr-FR"},{"@type":"Organization","@id":"https:\/\/dev.movefusion.eu\/#organization","name":"Movefusion","alternateName":"Movefusion","url":"https:\/\/dev.movefusion.eu\/","logo":{"@type":"ImageObject","inLanguage":"fr-FR","@id":"https:\/\/dev.movefusion.eu\/#\/schema\/logo\/image\/","url":"https:\/\/dev.movefusion.eu\/wp-content\/uploads\/2024\/07\/logo_movefusion.webp","contentUrl":"https:\/\/dev.movefusion.eu\/wp-content\/uploads\/2024\/07\/logo_movefusion.webp","width":843,"height":596,"caption":"Movefusion"},"image":{"@id":"https:\/\/dev.movefusion.eu\/#\/schema\/logo\/image\/"}}]}},"_links":{"self":[{"href":"https:\/\/dev.movefusion.eu\/fr\/wp-json\/wp\/v2\/pages\/335","targetHints":{"allow":["GET"]}}],"collection":[{"href":"https:\/\/dev.movefusion.eu\/fr\/wp-json\/wp\/v2\/pages"}],"about":[{"href":"https:\/\/dev.movefusion.eu\/fr\/wp-json\/wp\/v2\/types\/page"}],"author":[{"embeddable":true,"href":"https:\/\/dev.movefusion.eu\/fr\/wp-json\/wp\/v2\/users\/1"}],"replies":[{"embeddable":true,"href":"https:\/\/dev.movefusion.eu\/fr\/wp-json\/wp\/v2\/comments?post=335"}],"version-history":[{"count":1,"href":"https:\/\/dev.movefusion.eu\/fr\/wp-json\/wp\/v2\/pages\/335\/revisions"}],"predecessor-version":[{"id":663,"href":"https:\/\/dev.movefusion.eu\/fr\/wp-json\/wp\/v2\/pages\/335\/revisions\/663"}],"wp:attachment":[{"href":"https:\/\/dev.movefusion.eu\/fr\/wp-json\/wp\/v2\/media?parent=335"}],"curies":[{"name":"wp","href":"https:\/\/api.w.org\/{rel}","templated":true}]}}