{"id":339,"date":"2025-03-17T09:30:09","date_gmt":"2025-03-17T08:30:09","guid":{"rendered":"https:\/\/dev.movefusion.eu\/artificial-intelligence\/"},"modified":"2026-03-16T17:50:58","modified_gmt":"2026-03-16T16:50:58","slug":"intelligence-artificielle","status":"publish","type":"page","link":"https:\/\/dev.movefusion.eu\/fr\/intelligence-artificielle\/","title":{"rendered":"Intelligence artificielle"},"content":{"rendered":"\r\n<section\r\n    class=\"image-texte-droite\"\r\n    >\r\n    <div>\r\n        <div><img loading=\"lazy\" decoding=\"async\" width=\"1024\" height=\"683\" src=\"https:\/\/dev.movefusion.eu\/wp-content\/uploads\/2025\/04\/trinoma-background-03-1024x683.webp\" class=\"attachment-large size-large\" alt=\"Movefusion\" srcset=\"https:\/\/dev.movefusion.eu\/wp-content\/uploads\/2025\/04\/trinoma-background-03-1024x683.webp 1024w, https:\/\/dev.movefusion.eu\/wp-content\/uploads\/2025\/04\/trinoma-background-03-300x200.webp 300w, https:\/\/dev.movefusion.eu\/wp-content\/uploads\/2025\/04\/trinoma-background-03-768x512.webp 768w, https:\/\/dev.movefusion.eu\/wp-content\/uploads\/2025\/04\/trinoma-background-03-1536x1024.webp 1536w, https:\/\/dev.movefusion.eu\/wp-content\/uploads\/2025\/04\/trinoma-background-03-1200x800.webp 1200w, https:\/\/dev.movefusion.eu\/wp-content\/uploads\/2025\/04\/trinoma-background-03.webp 1920w\" sizes=\"auto, (max-width: 1024px) 100vw, 1024px\" \/><\/div>\r\n        <div>\r\n            <img loading=\"lazy\" decoding=\"async\" width=\"768\" height=\"512\" src=\"https:\/\/dev.movefusion.eu\/wp-content\/uploads\/2025\/04\/trinoma-background-32-768x512.webp\" class=\"attachment-medium_large size-medium_large\" alt=\"Movefusion\" srcset=\"https:\/\/dev.movefusion.eu\/wp-content\/uploads\/2025\/04\/trinoma-background-32-768x512.webp 768w, https:\/\/dev.movefusion.eu\/wp-content\/uploads\/2025\/04\/trinoma-background-32-300x200.webp 300w, https:\/\/dev.movefusion.eu\/wp-content\/uploads\/2025\/04\/trinoma-background-32-1024x683.webp 1024w, https:\/\/dev.movefusion.eu\/wp-content\/uploads\/2025\/04\/trinoma-background-32-1200x800.webp 1200w, https:\/\/dev.movefusion.eu\/wp-content\/uploads\/2025\/04\/trinoma-background-32.webp 1344w\" sizes=\"auto, (max-width: 768px) 100vw, 768px\" \/>            <div>\r\n                <div>\r\n                    <h2>La valeur du r\u00e9el<\/h2>\r\n                    <div><p>La qualit\u00e9 d\u2019une intelligence d\u00e9pend de la qualit\u00e9 des donn\u00e9es qui l\u2019entra\u00eenent. Gr\u00e2ce \u00e0 des syst\u00e8mes de captation pr\u00e9cis et fiables, Movefusion produit des donn\u00e9es du mouvement ancr\u00e9es dans le r\u00e9el.<\/p>\n<p>Dans un monde o\u00f9 les donn\u00e9es deviennent rares, prot\u00e9g\u00e9es ou parfois artificielles, cette fid\u00e9lit\u00e9 constitue une v\u00e9ritable valeur pour la recherche et l\u2019innovation.<\/p>\n<\/div>\r\n                <\/div>\r\n            <\/div>\r\n        <\/div>\r\n    <\/div>\r\n<\/section>\n\n\r\n<section\r\n    class=\"big-zone\"\r\n    >\r\n    <div>\r\n        <div style=\"background-image: url('https:\/\/dev.movefusion.eu\/wp-content\/uploads\/2026\/03\/fb61df3f-ed54-4ef1-a0ae-1abe37d8457b.jpg');\"><\/div>\r\n        <div>\r\n            <h2>Observer pour comprendre<\/h2>\r\n            <h3>expertise du contexte, ma\u00eetrise de la captation<\/h3>\r\n            <div><p>Chaque mouvement s\u2019inscrit dans un contexte qu\u2019il faut savoir appr\u00e9hender. Gr\u00e2ce \u00e0 son expertise, Movefusion con\u00e7oit des protocoles d\u2019\u00e9tude et des dispositifs de captation adapt\u00e9s aux particularit\u00e9s du mouvements. Comprendre l\u2019environnement d\u2019observation, les conditions d\u2019exp\u00e9rimentation et la nature du mouvement \u00e9tudi\u00e9 permet d\u2019ajuster pr\u00e9cis\u00e9ment les m\u00e9thodes de mesure.<\/p>\n<p>Cette ma\u00eetrise du contexte garantit la production de donn\u00e9es fiables, pertinentes et directement exploitables pour l\u2019analyse des comportements complexes.<\/p>\n<\/div>\r\n            <a href=\"https:\/\/trinoma.fr\/we-do\/biomecanique\/\" class=\"btn\" target=\"_blank\">More<\/a>\r\n        <\/div>\r\n    <\/div>\r\n\r\n    <div>\r\n        <div>\r\n            <img loading=\"lazy\" decoding=\"async\" width=\"768\" height=\"516\" src=\"https:\/\/dev.movefusion.eu\/wp-content\/uploads\/2026\/03\/nuee-doiseaux-768x516.jpg\" class=\"attachment-medium_large size-medium_large\" alt=\"captation des mouvements de la nature.\" srcset=\"https:\/\/dev.movefusion.eu\/wp-content\/uploads\/2026\/03\/nuee-doiseaux-768x516.jpg 768w, https:\/\/dev.movefusion.eu\/wp-content\/uploads\/2026\/03\/nuee-doiseaux-300x201.jpg 300w, https:\/\/dev.movefusion.eu\/wp-content\/uploads\/2026\/03\/nuee-doiseaux-1024x687.jpg 1024w, https:\/\/dev.movefusion.eu\/wp-content\/uploads\/2026\/03\/nuee-doiseaux.jpg 1168w\" sizes=\"auto, (max-width: 768px) 100vw, 768px\" \/>            <img loading=\"lazy\" decoding=\"async\" width=\"768\" height=\"516\" src=\"https:\/\/dev.movefusion.eu\/wp-content\/uploads\/2026\/03\/f9a3169e-5731-4572-862d-5ceb7f292bd0-768x516.jpg\" class=\"attachment-medium_large size-medium_large\" alt=\"Mouvement sportif\" srcset=\"https:\/\/dev.movefusion.eu\/wp-content\/uploads\/2026\/03\/f9a3169e-5731-4572-862d-5ceb7f292bd0-768x516.jpg 768w, https:\/\/dev.movefusion.eu\/wp-content\/uploads\/2026\/03\/f9a3169e-5731-4572-862d-5ceb7f292bd0-300x201.jpg 300w, https:\/\/dev.movefusion.eu\/wp-content\/uploads\/2026\/03\/f9a3169e-5731-4572-862d-5ceb7f292bd0-1024x687.jpg 1024w, https:\/\/dev.movefusion.eu\/wp-content\/uploads\/2026\/03\/f9a3169e-5731-4572-862d-5ceb7f292bd0.jpg 1168w\" sizes=\"auto, (max-width: 768px) 100vw, 768px\" \/>        <\/div>\r\n        <div>\r\n            <h3>Transformer la mesure en ressource exploitable<\/h3>\r\n            <div><p>Les donn\u00e9es capt\u00e9es doivent \u00eatre trait\u00e9es, organis\u00e9es et mises en forme pour devenir r\u00e9ellement exploitables. Movefusion s\u2019appuie sur des environnements logiciels avanc\u00e9s permettant de compiler, structurer et analyser les donn\u00e9es du mouvement.<\/p>\n<p>La modularit\u00e9 de ces outils permet de les adapter \u00e0 des usages sp\u00e9cifiques, notamment pour pr\u00e9parer et conditionner les jeux de donn\u00e9es destin\u00e9s aux syst\u00e8mes d\u2019intelligence artificielle.<\/p>\n<\/div>\r\n        <\/div>\r\n    <\/div>\r\n<\/section>\n\n\r\n<section\r\n    class=\"big-zone-texte-gauche\"\r\n    >\r\n    <div style=\"background-image: url('https:\/\/dev.movefusion.eu\/wp-content\/uploads\/2025\/04\/movefusion_0.webp');\"><\/div>\r\n    <div>\r\n        <h2>L&rsquo;IA au service de l&rsquo;humain<\/h2>\r\n        <h3>Mieux comprendre et mieux agir<\/h3>\r\n        <div><p>L\u2019intelligence artificielle ouvre de nouvelles perspectives pour mieux comprendre le vivant et accompagner les d\u00e9fis de demain. En contribuant \u00e0 produire des donn\u00e9es fiables et des mod\u00e8les pertinents, Movefusion participe au d\u00e9veloppement de syst\u00e8mes capables d\u2019aider l\u2019humain dans des domaines essentiels : sant\u00e9, secours, recherche ou compr\u00e9hension des environnements complexes.<\/p>\n<p>Au-del\u00e0 de la technologie, l\u2019ambition reste la m\u00eame : mettre l\u2019intelligence et la connaissance au service du progr\u00e8s humain.<\/p>\n<\/div>\r\n        <a href=\"\" class=\"btn\" target=\"_blank\">More<\/a>\r\n    <\/div>\r\n<\/section>","protected":false},"excerpt":{"rendered":"","protected":false},"author":1,"featured_media":340,"parent":0,"menu_order":0,"comment_status":"closed","ping_status":"closed","template":"","meta":{"_acf_changed":false,"footnotes":""},"class_list":["post-339","page","type-page","status-publish","has-post-thumbnail","hentry"],"acf":[],"yoast_head":"<!-- This site is optimized with the Yoast SEO plugin v26.3 - https:\/\/yoast.com\/wordpress\/plugins\/seo\/ -->\n<title>Intelligence artificielle - Movefusion<\/title>\n<meta name=\"robots\" content=\"noindex, follow, max-snippet:-1, max-image-preview:large, max-video-preview:-1\" \/>\n<meta property=\"og:locale\" content=\"fr_FR\" \/>\n<meta property=\"og:type\" content=\"article\" \/>\n<meta property=\"og:title\" content=\"Intelligence artificielle - Movefusion\" \/>\n<meta property=\"og:url\" content=\"https:\/\/dev.movefusion.eu\/fr\/intelligence-artificielle\/\" \/>\n<meta property=\"og:site_name\" content=\"Movefusion\" \/>\n<meta property=\"article:modified_time\" content=\"2026-03-16T16:50:58+00:00\" \/>\n<meta property=\"og:image\" content=\"https:\/\/dev.movefusion.eu\/wp-content\/uploads\/2025\/04\/movefusion_2.webp\" \/>\n\t<meta property=\"og:image:width\" content=\"1920\" \/>\n\t<meta property=\"og:image:height\" content=\"1280\" \/>\n\t<meta property=\"og:image:type\" content=\"image\/webp\" \/>\n<meta name=\"twitter:card\" content=\"summary_large_image\" \/>\n<meta name=\"twitter:label1\" content=\"Dur\u00e9e de lecture estim\u00e9e\" \/>\n\t<meta name=\"twitter:data1\" content=\"1 minute\" \/>\n<script type=\"application\/ld+json\" class=\"yoast-schema-graph\">{\"@context\":\"https:\/\/schema.org\",\"@graph\":[{\"@type\":\"WebPage\",\"@id\":\"https:\/\/dev.movefusion.eu\/fr\/intelligence-artificielle\/\",\"url\":\"https:\/\/dev.movefusion.eu\/fr\/intelligence-artificielle\/\",\"name\":\"Intelligence artificielle - Movefusion\",\"isPartOf\":{\"@id\":\"https:\/\/dev.movefusion.eu\/#website\"},\"primaryImageOfPage\":{\"@id\":\"https:\/\/dev.movefusion.eu\/fr\/intelligence-artificielle\/#primaryimage\"},\"image\":{\"@id\":\"https:\/\/dev.movefusion.eu\/fr\/intelligence-artificielle\/#primaryimage\"},\"thumbnailUrl\":\"https:\/\/dev.movefusion.eu\/wp-content\/uploads\/2025\/04\/movefusion_2.webp\",\"datePublished\":\"2025-03-17T08:30:09+00:00\",\"dateModified\":\"2026-03-16T16:50:58+00:00\",\"breadcrumb\":{\"@id\":\"https:\/\/dev.movefusion.eu\/fr\/intelligence-artificielle\/#breadcrumb\"},\"inLanguage\":\"fr-FR\",\"potentialAction\":[{\"@type\":\"ReadAction\",\"target\":[\"https:\/\/dev.movefusion.eu\/fr\/intelligence-artificielle\/\"]}]},{\"@type\":\"ImageObject\",\"inLanguage\":\"fr-FR\",\"@id\":\"https:\/\/dev.movefusion.eu\/fr\/intelligence-artificielle\/#primaryimage\",\"url\":\"https:\/\/dev.movefusion.eu\/wp-content\/uploads\/2025\/04\/movefusion_2.webp\",\"contentUrl\":\"https:\/\/dev.movefusion.eu\/wp-content\/uploads\/2025\/04\/movefusion_2.webp\",\"width\":1920,\"height\":1280,\"caption\":\"Movefusion\"},{\"@type\":\"BreadcrumbList\",\"@id\":\"https:\/\/dev.movefusion.eu\/fr\/intelligence-artificielle\/#breadcrumb\",\"itemListElement\":[{\"@type\":\"ListItem\",\"position\":1,\"name\":\"Accueil\",\"item\":\"https:\/\/dev.movefusion.eu\/fr\/\"},{\"@type\":\"ListItem\",\"position\":2,\"name\":\"Intelligence artificielle\"}]},{\"@type\":\"WebSite\",\"@id\":\"https:\/\/dev.movefusion.eu\/#website\",\"url\":\"https:\/\/dev.movefusion.eu\/\",\"name\":\"Movefusion\",\"description\":\"Movefusion by Trinoma\",\"publisher\":{\"@id\":\"https:\/\/dev.movefusion.eu\/#organization\"},\"alternateName\":\"Movefusion\",\"potentialAction\":[{\"@type\":\"SearchAction\",\"target\":{\"@type\":\"EntryPoint\",\"urlTemplate\":\"https:\/\/dev.movefusion.eu\/?s={search_term_string}\"},\"query-input\":{\"@type\":\"PropertyValueSpecification\",\"valueRequired\":true,\"valueName\":\"search_term_string\"}}],\"inLanguage\":\"fr-FR\"},{\"@type\":\"Organization\",\"@id\":\"https:\/\/dev.movefusion.eu\/#organization\",\"name\":\"Movefusion\",\"alternateName\":\"Movefusion\",\"url\":\"https:\/\/dev.movefusion.eu\/\",\"logo\":{\"@type\":\"ImageObject\",\"inLanguage\":\"fr-FR\",\"@id\":\"https:\/\/dev.movefusion.eu\/#\/schema\/logo\/image\/\",\"url\":\"https:\/\/dev.movefusion.eu\/wp-content\/uploads\/2024\/07\/logo_movefusion.webp\",\"contentUrl\":\"https:\/\/dev.movefusion.eu\/wp-content\/uploads\/2024\/07\/logo_movefusion.webp\",\"width\":843,\"height\":596,\"caption\":\"Movefusion\"},\"image\":{\"@id\":\"https:\/\/dev.movefusion.eu\/#\/schema\/logo\/image\/\"}}]}<\/script>\n<!-- \/ Yoast SEO plugin. -->","yoast_head_json":{"title":"Intelligence artificielle - Movefusion","robots":{"index":"noindex","follow":"follow","max-snippet":"max-snippet:-1","max-image-preview":"max-image-preview:large","max-video-preview":"max-video-preview:-1"},"og_locale":"fr_FR","og_type":"article","og_title":"Intelligence artificielle - Movefusion","og_url":"https:\/\/dev.movefusion.eu\/fr\/intelligence-artificielle\/","og_site_name":"Movefusion","article_modified_time":"2026-03-16T16:50:58+00:00","og_image":[{"width":1920,"height":1280,"url":"https:\/\/dev.movefusion.eu\/wp-content\/uploads\/2025\/04\/movefusion_2.webp","type":"image\/webp"}],"twitter_card":"summary_large_image","twitter_misc":{"Dur\u00e9e de lecture estim\u00e9e":"1 minute"},"schema":{"@context":"https:\/\/schema.org","@graph":[{"@type":"WebPage","@id":"https:\/\/dev.movefusion.eu\/fr\/intelligence-artificielle\/","url":"https:\/\/dev.movefusion.eu\/fr\/intelligence-artificielle\/","name":"Intelligence artificielle - Movefusion","isPartOf":{"@id":"https:\/\/dev.movefusion.eu\/#website"},"primaryImageOfPage":{"@id":"https:\/\/dev.movefusion.eu\/fr\/intelligence-artificielle\/#primaryimage"},"image":{"@id":"https:\/\/dev.movefusion.eu\/fr\/intelligence-artificielle\/#primaryimage"},"thumbnailUrl":"https:\/\/dev.movefusion.eu\/wp-content\/uploads\/2025\/04\/movefusion_2.webp","datePublished":"2025-03-17T08:30:09+00:00","dateModified":"2026-03-16T16:50:58+00:00","breadcrumb":{"@id":"https:\/\/dev.movefusion.eu\/fr\/intelligence-artificielle\/#breadcrumb"},"inLanguage":"fr-FR","potentialAction":[{"@type":"ReadAction","target":["https:\/\/dev.movefusion.eu\/fr\/intelligence-artificielle\/"]}]},{"@type":"ImageObject","inLanguage":"fr-FR","@id":"https:\/\/dev.movefusion.eu\/fr\/intelligence-artificielle\/#primaryimage","url":"https:\/\/dev.movefusion.eu\/wp-content\/uploads\/2025\/04\/movefusion_2.webp","contentUrl":"https:\/\/dev.movefusion.eu\/wp-content\/uploads\/2025\/04\/movefusion_2.webp","width":1920,"height":1280,"caption":"Movefusion"},{"@type":"BreadcrumbList","@id":"https:\/\/dev.movefusion.eu\/fr\/intelligence-artificielle\/#breadcrumb","itemListElement":[{"@type":"ListItem","position":1,"name":"Accueil","item":"https:\/\/dev.movefusion.eu\/fr\/"},{"@type":"ListItem","position":2,"name":"Intelligence artificielle"}]},{"@type":"WebSite","@id":"https:\/\/dev.movefusion.eu\/#website","url":"https:\/\/dev.movefusion.eu\/","name":"Movefusion","description":"Movefusion by Trinoma","publisher":{"@id":"https:\/\/dev.movefusion.eu\/#organization"},"alternateName":"Movefusion","potentialAction":[{"@type":"SearchAction","target":{"@type":"EntryPoint","urlTemplate":"https:\/\/dev.movefusion.eu\/?s={search_term_string}"},"query-input":{"@type":"PropertyValueSpecification","valueRequired":true,"valueName":"search_term_string"}}],"inLanguage":"fr-FR"},{"@type":"Organization","@id":"https:\/\/dev.movefusion.eu\/#organization","name":"Movefusion","alternateName":"Movefusion","url":"https:\/\/dev.movefusion.eu\/","logo":{"@type":"ImageObject","inLanguage":"fr-FR","@id":"https:\/\/dev.movefusion.eu\/#\/schema\/logo\/image\/","url":"https:\/\/dev.movefusion.eu\/wp-content\/uploads\/2024\/07\/logo_movefusion.webp","contentUrl":"https:\/\/dev.movefusion.eu\/wp-content\/uploads\/2024\/07\/logo_movefusion.webp","width":843,"height":596,"caption":"Movefusion"},"image":{"@id":"https:\/\/dev.movefusion.eu\/#\/schema\/logo\/image\/"}}]}},"_links":{"self":[{"href":"https:\/\/dev.movefusion.eu\/fr\/wp-json\/wp\/v2\/pages\/339","targetHints":{"allow":["GET"]}}],"collection":[{"href":"https:\/\/dev.movefusion.eu\/fr\/wp-json\/wp\/v2\/pages"}],"about":[{"href":"https:\/\/dev.movefusion.eu\/fr\/wp-json\/wp\/v2\/types\/page"}],"author":[{"embeddable":true,"href":"https:\/\/dev.movefusion.eu\/fr\/wp-json\/wp\/v2\/users\/1"}],"replies":[{"embeddable":true,"href":"https:\/\/dev.movefusion.eu\/fr\/wp-json\/wp\/v2\/comments?post=339"}],"version-history":[{"count":2,"href":"https:\/\/dev.movefusion.eu\/fr\/wp-json\/wp\/v2\/pages\/339\/revisions"}],"predecessor-version":[{"id":631,"href":"https:\/\/dev.movefusion.eu\/fr\/wp-json\/wp\/v2\/pages\/339\/revisions\/631"}],"wp:featuredmedia":[{"embeddable":true,"href":"https:\/\/dev.movefusion.eu\/fr\/wp-json\/wp\/v2\/media\/340"}],"wp:attachment":[{"href":"https:\/\/dev.movefusion.eu\/fr\/wp-json\/wp\/v2\/media?parent=339"}],"curies":[{"name":"wp","href":"https:\/\/api.w.org\/{rel}","templated":true}]}}