{"id":341,"date":"2025-03-17T09:29:18","date_gmt":"2025-03-17T08:29:18","guid":{"rendered":"https:\/\/dev.movefusion.eu\/machine\/"},"modified":"2026-03-16T17:59:15","modified_gmt":"2026-03-16T16:59:15","slug":"ingenierie","status":"publish","type":"page","link":"https:\/\/dev.movefusion.eu\/fr\/ingenierie\/","title":{"rendered":"Ing\u00e9nierie"},"content":{"rendered":"\r\n<section\r\n    class=\"image-texte-droite\"\r\n    >\r\n    <div>\r\n        <div><img loading=\"lazy\" decoding=\"async\" width=\"1024\" height=\"683\" src=\"https:\/\/dev.movefusion.eu\/wp-content\/uploads\/2025\/04\/trinoma-background-37-1024x683.webp\" class=\"attachment-large size-large\" alt=\"Movefusion\" srcset=\"https:\/\/dev.movefusion.eu\/wp-content\/uploads\/2025\/04\/trinoma-background-37-1024x683.webp 1024w, https:\/\/dev.movefusion.eu\/wp-content\/uploads\/2025\/04\/trinoma-background-37-300x200.webp 300w, https:\/\/dev.movefusion.eu\/wp-content\/uploads\/2025\/04\/trinoma-background-37-768x512.webp 768w, https:\/\/dev.movefusion.eu\/wp-content\/uploads\/2025\/04\/trinoma-background-37-1200x800.webp 1200w, https:\/\/dev.movefusion.eu\/wp-content\/uploads\/2025\/04\/trinoma-background-37.webp 1344w\" sizes=\"auto, (max-width: 1024px) 100vw, 1024px\" \/><\/div>\r\n        <div>\r\n            <img loading=\"lazy\" decoding=\"async\" width=\"768\" height=\"432\" src=\"https:\/\/dev.movefusion.eu\/wp-content\/uploads\/2025\/04\/movefusion_1-768x432.webp\" class=\"attachment-medium_large size-medium_large\" alt=\"Movefusion\" srcset=\"https:\/\/dev.movefusion.eu\/wp-content\/uploads\/2025\/04\/movefusion_1-768x432.webp 768w, https:\/\/dev.movefusion.eu\/wp-content\/uploads\/2025\/04\/movefusion_1-300x169.webp 300w, https:\/\/dev.movefusion.eu\/wp-content\/uploads\/2025\/04\/movefusion_1-1024x576.webp 1024w, https:\/\/dev.movefusion.eu\/wp-content\/uploads\/2025\/04\/movefusion_1-1536x864.webp 1536w, https:\/\/dev.movefusion.eu\/wp-content\/uploads\/2025\/04\/movefusion_1-1200x675.webp 1200w, https:\/\/dev.movefusion.eu\/wp-content\/uploads\/2025\/04\/movefusion_1.webp 1920w\" sizes=\"auto, (max-width: 768px) 100vw, 768px\" \/>            <div>\r\n                <div>\r\n                    <h2>Le champ des possibles<\/h2>\r\n                    <div><p data-start=\"322\" data-end=\"525\">L\u2019\u00e9tude du mouvement ne s\u2019arr\u00eate pas \u00e0 sa captation. Une fois les donn\u00e9es collect\u00e9es, elles doivent \u00eatre analys\u00e9es, structur\u00e9es et transform\u00e9es en mod\u00e8les fiables afin de devenir pleinement exploitables.<\/p>\n<p data-start=\"527\" data-end=\"889\">Movefusion accompagne les professionnels dans la mise en place de dispositifs complets permettant de capter, analyser, mod\u00e9liser et partager les donn\u00e9es du mouvement. Gr\u00e2ce \u00e0 une expertise d\u2019ing\u00e9nierie associ\u00e9e aux technologies les plus adapt\u00e9es, nous concevons des environnements de travail \u00e9volutifs, pens\u00e9s pour r\u00e9pondre aux exigences propres \u00e0 chaque projet.<\/p>\n<\/div>\r\n                <\/div>\r\n            <\/div>\r\n        <\/div>\r\n    <\/div>\r\n<\/section>\n\n\r\n<section\r\n    class=\"big-zone-texte-gauche\"\r\n    >\r\n    <div style=\"background-image: url('https:\/\/dev.movefusion.eu\/wp-content\/uploads\/2026\/03\/e252a2d4-e0cb-455a-9af4-ab2db74fcb4a.jpg');\"><\/div>\r\n    <div>\r\n        <h2>Voir au del\u00e0 de l&rsquo;objectif<\/h2>\r\n        <h3>De la compr\u00e9hension du besoin \u00e0 la solution op\u00e9rationnelle<\/h3>\r\n        <div><p data-section-id=\"1vou91j\" data-start=\"842\" data-end=\"885\"><strong data-start=\"846\" data-end=\"885\">Study \u2014 \u00c9tude de la probl\u00e9matique<\/strong><\/p>\n<p data-start=\"886\" data-end=\"1041\">Chaque projet commence par une phase d\u2019\u00e9tude : analyse des besoins, d\u00e9finition du cahier des charges et exploration des solutions technologiques possibles.<\/p>\n<p data-section-id=\"m2fqtd\" data-start=\"1043\" data-end=\"1099\"><strong data-start=\"1047\" data-end=\"1099\">Acquisition \u2014 Mise en place des dispositifs<\/strong><\/p>\n<p data-start=\"1100\" data-end=\"1257\">Nous concevons et int\u00e9grons les syst\u00e8mes de captation et d\u2019acquisition de donn\u00e9es les plus adapt\u00e9s : capteurs, cam\u00e9ras, plateformes ou logiciels sp\u00e9cialis\u00e9s.<\/p>\n<p data-section-id=\"idch7s\" data-start=\"1259\" data-end=\"1303\"><strong data-start=\"1263\" data-end=\"1303\">Analysis \u2014 Comprendre les donn\u00e9es<\/strong><\/p>\n<p data-start=\"1304\" data-end=\"1422\">Les donn\u00e9es collect\u00e9es sont trait\u00e9es, synchronis\u00e9es et analys\u00e9es afin de produire des mod\u00e8les fiables et exploitables.<\/p>\n<p data-section-id=\"172x8d3\" data-start=\"1424\" data-end=\"1477\"><strong data-start=\"1428\" data-end=\"1477\">Optimisation \u2014 Faire \u00e9voluer les solutions<\/strong><\/p>\n<p data-start=\"1478\" data-end=\"1611\">Les dispositifs sont ajust\u00e9s et am\u00e9lior\u00e9s au fil des projets afin d\u2019optimiser les mesures, les analyses et les performances globales.<\/p>\n<\/div>\r\n        <a href=\"https:\/\/trinoma.fr\/we-do\/sciences-cognitives\/\" class=\"btn\" target=\"_blank\">More<\/a>\r\n    <\/div>\r\n<\/section>\n\n\r\n<section\r\n    class=\"big-zone\"\r\n    >\r\n    <div>\r\n        <div style=\"background-image: url('https:\/\/dev.movefusion.eu\/wp-content\/uploads\/2026\/03\/collaboration-et-cadrage.jpg');\"><\/div>\r\n        <div>\r\n            <h2>L&rsquo;agilit\u00e9 de la r\u00e9ussite<\/h2>\r\n            <h3>Explorer, ajuster, progresser<\/h3>\r\n            <div><p>Certains projets ouvrent des territoires encore peu explor\u00e9s. Nouvelles probl\u00e9matiques scientifiques, contextes exp\u00e9rimentaux in\u00e9dits ou besoins technologiques sp\u00e9cifiques : ces situations demandent souvent d\u2019inventer les dispositifs adapt\u00e9s. Gr\u00e2ce \u00e0 son expertise en ing\u00e9nierie du mouvement, Movefusion accompagne ces d\u00e9fis par une d\u00e9marche d\u2019essais, d\u2019ajustements et d\u2019optimisation progressive, jusqu\u2019\u00e0 atteindre des solutions fiables et performantes.<\/p>\n<\/div>\r\n            <a href=\"https:\/\/trinoma.fr\/we-are\/flexibilite\/\" class=\"btn\" target=\"_blank\">More<\/a>\r\n        <\/div>\r\n    <\/div>\r\n\r\n    <div>\r\n        <div>\r\n            <img loading=\"lazy\" decoding=\"async\" width=\"768\" height=\"512\" src=\"https:\/\/dev.movefusion.eu\/wp-content\/uploads\/2026\/03\/unlimited-motion-ltd-R7NH4-XxaIM-unsplash-768x512.jpg\" class=\"attachment-medium_large size-medium_large\" alt=\"Dispositif de captation de mouvement haute performance\" srcset=\"https:\/\/dev.movefusion.eu\/wp-content\/uploads\/2026\/03\/unlimited-motion-ltd-R7NH4-XxaIM-unsplash-768x512.jpg 768w, https:\/\/dev.movefusion.eu\/wp-content\/uploads\/2026\/03\/unlimited-motion-ltd-R7NH4-XxaIM-unsplash-300x200.jpg 300w, https:\/\/dev.movefusion.eu\/wp-content\/uploads\/2026\/03\/unlimited-motion-ltd-R7NH4-XxaIM-unsplash-1024x683.jpg 1024w, https:\/\/dev.movefusion.eu\/wp-content\/uploads\/2026\/03\/unlimited-motion-ltd-R7NH4-XxaIM-unsplash-1536x1024.jpg 1536w, https:\/\/dev.movefusion.eu\/wp-content\/uploads\/2026\/03\/unlimited-motion-ltd-R7NH4-XxaIM-unsplash-2048x1365.jpg 2048w, https:\/\/dev.movefusion.eu\/wp-content\/uploads\/2026\/03\/unlimited-motion-ltd-R7NH4-XxaIM-unsplash-1200x800.jpg 1200w, https:\/\/dev.movefusion.eu\/wp-content\/uploads\/2026\/03\/unlimited-motion-ltd-R7NH4-XxaIM-unsplash-1980x1320.jpg 1980w\" sizes=\"auto, (max-width: 768px) 100vw, 768px\" \/>            <img loading=\"lazy\" decoding=\"async\" width=\"768\" height=\"512\" src=\"https:\/\/dev.movefusion.eu\/wp-content\/uploads\/2026\/03\/pexels-pixabay-459402-768x512.jpg\" class=\"attachment-medium_large size-medium_large\" alt=\"Dispositif adapt\u00e9 \u00e0 tout domaine et discipline\" srcset=\"https:\/\/dev.movefusion.eu\/wp-content\/uploads\/2026\/03\/pexels-pixabay-459402-768x512.jpg 768w, https:\/\/dev.movefusion.eu\/wp-content\/uploads\/2026\/03\/pexels-pixabay-459402-300x200.jpg 300w, https:\/\/dev.movefusion.eu\/wp-content\/uploads\/2026\/03\/pexels-pixabay-459402-1024x683.jpg 1024w, https:\/\/dev.movefusion.eu\/wp-content\/uploads\/2026\/03\/pexels-pixabay-459402-1536x1024.jpg 1536w, https:\/\/dev.movefusion.eu\/wp-content\/uploads\/2026\/03\/pexels-pixabay-459402-2048x1365.jpg 2048w, https:\/\/dev.movefusion.eu\/wp-content\/uploads\/2026\/03\/pexels-pixabay-459402-1200x800.jpg 1200w, https:\/\/dev.movefusion.eu\/wp-content\/uploads\/2026\/03\/pexels-pixabay-459402-1980x1320.jpg 1980w\" sizes=\"auto, (max-width: 768px) 100vw, 768px\" \/>        <\/div>\r\n        <div>\r\n            <h3>Des outils adapt\u00e9s aux enjeux<\/h3>\r\n            <div><p data-start=\"172\" data-end=\"515\">Pour r\u00e9pondre aux probl\u00e9matiques les plus exigeantes, Movefusion s\u2019appuie sur des dispositifs de captation et d\u2019analyse de pointe, associ\u00e9s \u00e0 des environnements logiciels performants. Cam\u00e9ras de haute pr\u00e9cision, capteurs sp\u00e9cialis\u00e9s, plateformes de mesure et syst\u00e8mes de synchronisation constituent les fondations des dispositifs mis en place.<\/p>\n<p data-start=\"517\" data-end=\"719\">\u00c0 ces \u00e9quipements s\u2019ajoutent des outils avanc\u00e9s de mod\u00e9lisation, d\u2019analyse et d\u2019exploitation des donn\u00e9es, permettant de transformer les mesures collect\u00e9es en mod\u00e8les fiables et directement exploitables.<\/p>\n<p data-start=\"721\" data-end=\"1156\">Les solutions logicielles utilis\u00e9es favorisent \u00e9galement le travail collaboratif : partage des donn\u00e9es, visualisation des r\u00e9sultats, g\u00e9n\u00e9ration de rapports et sauvegarde des mod\u00e8les dans des environnements s\u00e9curis\u00e9s.<\/p>\n<p data-start=\"721\" data-end=\"1156\">Cette approche int\u00e9gr\u00e9e permet aux \u00e9quipes scientifiques, techniques ou op\u00e9rationnelles de travailler ensemble, d\u2019interpr\u00e9ter les donn\u00e9es avec pr\u00e9cision et de faire \u00e9voluer les projets dans les meilleures conditions.<\/p>\n<\/div>\r\n        <\/div>\r\n    <\/div>\r\n<\/section>","protected":false},"excerpt":{"rendered":"","protected":false},"author":1,"featured_media":342,"parent":0,"menu_order":0,"comment_status":"closed","ping_status":"closed","template":"","meta":{"_acf_changed":false,"footnotes":""},"class_list":["post-341","page","type-page","status-publish","has-post-thumbnail","hentry"],"acf":[],"yoast_head":"<!-- This site is optimized with the Yoast SEO plugin v26.3 - https:\/\/yoast.com\/wordpress\/plugins\/seo\/ -->\n<title>Ing\u00e9nierie - Movefusion<\/title>\n<meta name=\"robots\" content=\"noindex, follow, max-snippet:-1, max-image-preview:large, max-video-preview:-1\" \/>\n<meta property=\"og:locale\" content=\"fr_FR\" \/>\n<meta property=\"og:type\" content=\"article\" \/>\n<meta property=\"og:title\" content=\"Ing\u00e9nierie - Movefusion\" \/>\n<meta property=\"og:url\" content=\"https:\/\/dev.movefusion.eu\/fr\/ingenierie\/\" \/>\n<meta property=\"og:site_name\" content=\"Movefusion\" \/>\n<meta property=\"article:modified_time\" content=\"2026-03-16T16:59:15+00:00\" \/>\n<meta property=\"og:image\" content=\"https:\/\/dev.movefusion.eu\/wp-content\/uploads\/2025\/04\/movefusion_1.webp\" \/>\n\t<meta property=\"og:image:width\" content=\"1920\" \/>\n\t<meta property=\"og:image:height\" content=\"1080\" \/>\n\t<meta property=\"og:image:type\" content=\"image\/webp\" \/>\n<meta name=\"twitter:card\" content=\"summary_large_image\" \/>\n<meta name=\"twitter:label1\" content=\"Dur\u00e9e de lecture estim\u00e9e\" \/>\n\t<meta name=\"twitter:data1\" content=\"1 minute\" \/>\n<script type=\"application\/ld+json\" class=\"yoast-schema-graph\">{\"@context\":\"https:\/\/schema.org\",\"@graph\":[{\"@type\":\"WebPage\",\"@id\":\"https:\/\/dev.movefusion.eu\/fr\/ingenierie\/\",\"url\":\"https:\/\/dev.movefusion.eu\/fr\/ingenierie\/\",\"name\":\"Ing\u00e9nierie - Movefusion\",\"isPartOf\":{\"@id\":\"https:\/\/dev.movefusion.eu\/#website\"},\"primaryImageOfPage\":{\"@id\":\"https:\/\/dev.movefusion.eu\/fr\/ingenierie\/#primaryimage\"},\"image\":{\"@id\":\"https:\/\/dev.movefusion.eu\/fr\/ingenierie\/#primaryimage\"},\"thumbnailUrl\":\"https:\/\/dev.movefusion.eu\/wp-content\/uploads\/2025\/04\/movefusion_1.webp\",\"datePublished\":\"2025-03-17T08:29:18+00:00\",\"dateModified\":\"2026-03-16T16:59:15+00:00\",\"breadcrumb\":{\"@id\":\"https:\/\/dev.movefusion.eu\/fr\/ingenierie\/#breadcrumb\"},\"inLanguage\":\"fr-FR\",\"potentialAction\":[{\"@type\":\"ReadAction\",\"target\":[\"https:\/\/dev.movefusion.eu\/fr\/ingenierie\/\"]}]},{\"@type\":\"ImageObject\",\"inLanguage\":\"fr-FR\",\"@id\":\"https:\/\/dev.movefusion.eu\/fr\/ingenierie\/#primaryimage\",\"url\":\"https:\/\/dev.movefusion.eu\/wp-content\/uploads\/2025\/04\/movefusion_1.webp\",\"contentUrl\":\"https:\/\/dev.movefusion.eu\/wp-content\/uploads\/2025\/04\/movefusion_1.webp\",\"width\":1920,\"height\":1080,\"caption\":\"Movefusion\"},{\"@type\":\"BreadcrumbList\",\"@id\":\"https:\/\/dev.movefusion.eu\/fr\/ingenierie\/#breadcrumb\",\"itemListElement\":[{\"@type\":\"ListItem\",\"position\":1,\"name\":\"Accueil\",\"item\":\"https:\/\/dev.movefusion.eu\/fr\/\"},{\"@type\":\"ListItem\",\"position\":2,\"name\":\"Ing\u00e9nierie\"}]},{\"@type\":\"WebSite\",\"@id\":\"https:\/\/dev.movefusion.eu\/#website\",\"url\":\"https:\/\/dev.movefusion.eu\/\",\"name\":\"Movefusion\",\"description\":\"Movefusion by Trinoma\",\"publisher\":{\"@id\":\"https:\/\/dev.movefusion.eu\/#organization\"},\"alternateName\":\"Movefusion\",\"potentialAction\":[{\"@type\":\"SearchAction\",\"target\":{\"@type\":\"EntryPoint\",\"urlTemplate\":\"https:\/\/dev.movefusion.eu\/?s={search_term_string}\"},\"query-input\":{\"@type\":\"PropertyValueSpecification\",\"valueRequired\":true,\"valueName\":\"search_term_string\"}}],\"inLanguage\":\"fr-FR\"},{\"@type\":\"Organization\",\"@id\":\"https:\/\/dev.movefusion.eu\/#organization\",\"name\":\"Movefusion\",\"alternateName\":\"Movefusion\",\"url\":\"https:\/\/dev.movefusion.eu\/\",\"logo\":{\"@type\":\"ImageObject\",\"inLanguage\":\"fr-FR\",\"@id\":\"https:\/\/dev.movefusion.eu\/#\/schema\/logo\/image\/\",\"url\":\"https:\/\/dev.movefusion.eu\/wp-content\/uploads\/2024\/07\/logo_movefusion.webp\",\"contentUrl\":\"https:\/\/dev.movefusion.eu\/wp-content\/uploads\/2024\/07\/logo_movefusion.webp\",\"width\":843,\"height\":596,\"caption\":\"Movefusion\"},\"image\":{\"@id\":\"https:\/\/dev.movefusion.eu\/#\/schema\/logo\/image\/\"}}]}<\/script>\n<!-- \/ Yoast SEO plugin. -->","yoast_head_json":{"title":"Ing\u00e9nierie - Movefusion","robots":{"index":"noindex","follow":"follow","max-snippet":"max-snippet:-1","max-image-preview":"max-image-preview:large","max-video-preview":"max-video-preview:-1"},"og_locale":"fr_FR","og_type":"article","og_title":"Ing\u00e9nierie - Movefusion","og_url":"https:\/\/dev.movefusion.eu\/fr\/ingenierie\/","og_site_name":"Movefusion","article_modified_time":"2026-03-16T16:59:15+00:00","og_image":[{"width":1920,"height":1080,"url":"https:\/\/dev.movefusion.eu\/wp-content\/uploads\/2025\/04\/movefusion_1.webp","type":"image\/webp"}],"twitter_card":"summary_large_image","twitter_misc":{"Dur\u00e9e de lecture estim\u00e9e":"1 minute"},"schema":{"@context":"https:\/\/schema.org","@graph":[{"@type":"WebPage","@id":"https:\/\/dev.movefusion.eu\/fr\/ingenierie\/","url":"https:\/\/dev.movefusion.eu\/fr\/ingenierie\/","name":"Ing\u00e9nierie - Movefusion","isPartOf":{"@id":"https:\/\/dev.movefusion.eu\/#website"},"primaryImageOfPage":{"@id":"https:\/\/dev.movefusion.eu\/fr\/ingenierie\/#primaryimage"},"image":{"@id":"https:\/\/dev.movefusion.eu\/fr\/ingenierie\/#primaryimage"},"thumbnailUrl":"https:\/\/dev.movefusion.eu\/wp-content\/uploads\/2025\/04\/movefusion_1.webp","datePublished":"2025-03-17T08:29:18+00:00","dateModified":"2026-03-16T16:59:15+00:00","breadcrumb":{"@id":"https:\/\/dev.movefusion.eu\/fr\/ingenierie\/#breadcrumb"},"inLanguage":"fr-FR","potentialAction":[{"@type":"ReadAction","target":["https:\/\/dev.movefusion.eu\/fr\/ingenierie\/"]}]},{"@type":"ImageObject","inLanguage":"fr-FR","@id":"https:\/\/dev.movefusion.eu\/fr\/ingenierie\/#primaryimage","url":"https:\/\/dev.movefusion.eu\/wp-content\/uploads\/2025\/04\/movefusion_1.webp","contentUrl":"https:\/\/dev.movefusion.eu\/wp-content\/uploads\/2025\/04\/movefusion_1.webp","width":1920,"height":1080,"caption":"Movefusion"},{"@type":"BreadcrumbList","@id":"https:\/\/dev.movefusion.eu\/fr\/ingenierie\/#breadcrumb","itemListElement":[{"@type":"ListItem","position":1,"name":"Accueil","item":"https:\/\/dev.movefusion.eu\/fr\/"},{"@type":"ListItem","position":2,"name":"Ing\u00e9nierie"}]},{"@type":"WebSite","@id":"https:\/\/dev.movefusion.eu\/#website","url":"https:\/\/dev.movefusion.eu\/","name":"Movefusion","description":"Movefusion by Trinoma","publisher":{"@id":"https:\/\/dev.movefusion.eu\/#organization"},"alternateName":"Movefusion","potentialAction":[{"@type":"SearchAction","target":{"@type":"EntryPoint","urlTemplate":"https:\/\/dev.movefusion.eu\/?s={search_term_string}"},"query-input":{"@type":"PropertyValueSpecification","valueRequired":true,"valueName":"search_term_string"}}],"inLanguage":"fr-FR"},{"@type":"Organization","@id":"https:\/\/dev.movefusion.eu\/#organization","name":"Movefusion","alternateName":"Movefusion","url":"https:\/\/dev.movefusion.eu\/","logo":{"@type":"ImageObject","inLanguage":"fr-FR","@id":"https:\/\/dev.movefusion.eu\/#\/schema\/logo\/image\/","url":"https:\/\/dev.movefusion.eu\/wp-content\/uploads\/2024\/07\/logo_movefusion.webp","contentUrl":"https:\/\/dev.movefusion.eu\/wp-content\/uploads\/2024\/07\/logo_movefusion.webp","width":843,"height":596,"caption":"Movefusion"},"image":{"@id":"https:\/\/dev.movefusion.eu\/#\/schema\/logo\/image\/"}}]}},"_links":{"self":[{"href":"https:\/\/dev.movefusion.eu\/fr\/wp-json\/wp\/v2\/pages\/341","targetHints":{"allow":["GET"]}}],"collection":[{"href":"https:\/\/dev.movefusion.eu\/fr\/wp-json\/wp\/v2\/pages"}],"about":[{"href":"https:\/\/dev.movefusion.eu\/fr\/wp-json\/wp\/v2\/types\/page"}],"author":[{"embeddable":true,"href":"https:\/\/dev.movefusion.eu\/fr\/wp-json\/wp\/v2\/users\/1"}],"replies":[{"embeddable":true,"href":"https:\/\/dev.movefusion.eu\/fr\/wp-json\/wp\/v2\/comments?post=341"}],"version-history":[{"count":3,"href":"https:\/\/dev.movefusion.eu\/fr\/wp-json\/wp\/v2\/pages\/341\/revisions"}],"predecessor-version":[{"id":607,"href":"https:\/\/dev.movefusion.eu\/fr\/wp-json\/wp\/v2\/pages\/341\/revisions\/607"}],"wp:featuredmedia":[{"embeddable":true,"href":"https:\/\/dev.movefusion.eu\/fr\/wp-json\/wp\/v2\/media\/342"}],"wp:attachment":[{"href":"https:\/\/dev.movefusion.eu\/fr\/wp-json\/wp\/v2\/media?parent=341"}],"curies":[{"name":"wp","href":"https:\/\/api.w.org\/{rel}","templated":true}]}}