{"id":343,"date":"2025-03-17T09:28:47","date_gmt":"2025-03-17T08:28:47","guid":{"rendered":"https:\/\/dev.movefusion.eu\/robotics\/"},"modified":"2026-03-16T17:21:09","modified_gmt":"2026-03-16T16:21:09","slug":"robots","status":"publish","type":"page","link":"https:\/\/dev.movefusion.eu\/fr\/robots\/","title":{"rendered":"Robots"},"content":{"rendered":"\r\n<section\r\n    class=\"image-texte-droite\"\r\n    >\r\n    <div>\r\n        <div><img loading=\"lazy\" decoding=\"async\" width=\"1024\" height=\"683\" src=\"https:\/\/dev.movefusion.eu\/wp-content\/uploads\/2025\/04\/movefusion-1024x683.webp\" class=\"attachment-large size-large\" alt=\"Movefusion\" srcset=\"https:\/\/dev.movefusion.eu\/wp-content\/uploads\/2025\/04\/movefusion-1024x683.webp 1024w, https:\/\/dev.movefusion.eu\/wp-content\/uploads\/2025\/04\/movefusion-300x200.webp 300w, https:\/\/dev.movefusion.eu\/wp-content\/uploads\/2025\/04\/movefusion-768x512.webp 768w, https:\/\/dev.movefusion.eu\/wp-content\/uploads\/2025\/04\/movefusion-1536x1024.webp 1536w, https:\/\/dev.movefusion.eu\/wp-content\/uploads\/2025\/04\/movefusion-1200x800.webp 1200w, https:\/\/dev.movefusion.eu\/wp-content\/uploads\/2025\/04\/movefusion.webp 1920w\" sizes=\"auto, (max-width: 1024px) 100vw, 1024px\" \/><\/div>\r\n        <div>\r\n            <img loading=\"lazy\" decoding=\"async\" width=\"768\" height=\"512\" src=\"https:\/\/dev.movefusion.eu\/wp-content\/uploads\/2025\/04\/movefusion-768x512.webp\" class=\"attachment-medium_large size-medium_large\" alt=\"Movefusion\" srcset=\"https:\/\/dev.movefusion.eu\/wp-content\/uploads\/2025\/04\/movefusion-768x512.webp 768w, https:\/\/dev.movefusion.eu\/wp-content\/uploads\/2025\/04\/movefusion-300x200.webp 300w, https:\/\/dev.movefusion.eu\/wp-content\/uploads\/2025\/04\/movefusion-1024x683.webp 1024w, https:\/\/dev.movefusion.eu\/wp-content\/uploads\/2025\/04\/movefusion-1536x1024.webp 1536w, https:\/\/dev.movefusion.eu\/wp-content\/uploads\/2025\/04\/movefusion-1200x800.webp 1200w, https:\/\/dev.movefusion.eu\/wp-content\/uploads\/2025\/04\/movefusion.webp 1920w\" sizes=\"auto, (max-width: 768px) 100vw, 768px\" \/>            <div>\r\n                <div>\r\n                    <h2>La mesure comme fondation<\/h2>\r\n                    <div><p>La qualit\u00e9 d\u2019un syst\u00e8me robotique d\u00e9pend de la qualit\u00e9 des donn\u00e9es qui le nourrissent. Nous proposons des outils de captation optique, inertielle et biom\u00e9canique de tr\u00e8s haute pr\u00e9cision, issus des meilleures technologies du march\u00e9.<\/p>\n<p><br data-start=\"463\" data-end=\"466\" \/>Notre expertise garantit des mesures fiables, synchronis\u00e9es et exploitables, en environnement contr\u00f4l\u00e9 comme en conditions r\u00e9elles.<\/p>\n<\/div>\r\n                <\/div>\r\n            <\/div>\r\n        <\/div>\r\n    <\/div>\r\n<\/section>\n\n\r\n<section\r\n    class=\"image-texte-gauche\"\r\n    style=\"background-image: url('https:\/\/dev.movefusion.eu\/wp-content\/uploads\/2025\/04\/trinoma-background-01.webp'); \"\r\n>\r\n    <div>\r\n        <div>\r\n            <h2>Observer pour maitriser<\/h2>\r\n            <h3>La robotique au service de l&rsquo;humain<\/h3>\r\n            <div><p>Au d\u00e9part, la robotique s\u2019inspirait des gestes humains sans r\u00e9ellement les comprendre. L\u2019arriv\u00e9e de syst\u00e8mes de captation pr\u00e9cis a chang\u00e9 la donne : il est d\u00e9sormais possible d\u2019observer, mod\u00e9liser et reproduire des mouvements complexes avec fid\u00e9lit\u00e9.<br data-start=\"463\" data-end=\"466\" \/>Cela a permis des avanc\u00e9es majeures en robotique collaborative, en ergonomie, en exosquelettes et en interaction homme-machine.<br data-start=\"593\" data-end=\"596\" \/>Gr\u00e2ce \u00e0 ces donn\u00e9es, les robots deviennent plus s\u00fbrs, plus fluides, mieux adapt\u00e9s aux environnements humains \u2014 et donc plus utiles.<\/p>\n<\/div>\r\n            <a href=\"https:\/\/fr.wikipedia.org\/wiki\/Trois_lois_de_la_robotique\" class=\"btn\" target=\"_blank\">More<\/a>\r\n        <\/div>\r\n    <\/div>\r\n<\/section>\n\n\r\n<section\r\n    class=\"big-zone\"\r\n    >\r\n    <div>\r\n        <div style=\"background-image: url('https:\/\/dev.movefusion.eu\/wp-content\/uploads\/2025\/04\/trinoma-background-03.webp');\"><\/div>\r\n        <div>\r\n            <h2>Du geste \u00e0 la machine<\/h2>\r\n            <h3>Mod\u00e9lisation du geste et contr\u00f4le moteur<\/h3>\r\n            <div><p data-start=\"233\" data-end=\"539\">Capture le mouvement, le geste, n&rsquo;est qu&rsquo;une premi\u00e8re \u00e9tape. Notre savoir-faire et notre expertise vous accompagneront lors des phases de traitements, d&rsquo;ajustements et de nettoyage des donn\u00e9es r\u00e9colt\u00e9es pour vous proposer une mod\u00e9lisation pr\u00e9cise.<\/p>\n<p data-start=\"541\" data-end=\"820\">Ainsi nous transformons des donn\u00e9es brutes en repr\u00e9sentations exploitables pour faciliter l\u2019entra\u00eenement des algorithmes, la simulation de comportements complexes et l\u2019analyse temps r\u00e9el du mouvement.<\/p>\n<p data-start=\"822\" data-end=\"1077\">Que ce soit pour concevoir un exosquelette, un robot humano\u00efde ou une machine collaborative, nous accompagnons chaque projet avec des outils ouverts, adaptables et interop\u00e9rables, issus de notre partenariat entre Totum Motum, Samcon, Trinoma et des \u00e9diteurs leaders du secteur.<\/p>\n<p data-start=\"1079\" data-end=\"1187\">Avec Movefusion, le geste devient un langage que la machine peut apprendre, interpr\u00e9ter et restituer.<\/p>\n<p>&nbsp;<\/p>\n<\/div>\r\n            <a href=\"https:\/\/trinoma.fr\/you-are\/robotique\/\" class=\"btn\" target=\"_blank\">More<\/a>\r\n        <\/div>\r\n    <\/div>\r\n\r\n    <div>\r\n        <div>\r\n            <img loading=\"lazy\" decoding=\"async\" width=\"768\" height=\"512\" src=\"https:\/\/dev.movefusion.eu\/wp-content\/uploads\/2025\/04\/trinoma-background-04-768x512.webp\" class=\"attachment-medium_large size-medium_large\" alt=\"Movefusion\" srcset=\"https:\/\/dev.movefusion.eu\/wp-content\/uploads\/2025\/04\/trinoma-background-04-768x512.webp 768w, https:\/\/dev.movefusion.eu\/wp-content\/uploads\/2025\/04\/trinoma-background-04-300x200.webp 300w, https:\/\/dev.movefusion.eu\/wp-content\/uploads\/2025\/04\/trinoma-background-04-1024x683.webp 1024w, https:\/\/dev.movefusion.eu\/wp-content\/uploads\/2025\/04\/trinoma-background-04-1536x1024.webp 1536w, https:\/\/dev.movefusion.eu\/wp-content\/uploads\/2025\/04\/trinoma-background-04-1200x800.webp 1200w, https:\/\/dev.movefusion.eu\/wp-content\/uploads\/2025\/04\/trinoma-background-04.webp 1920w\" sizes=\"auto, (max-width: 768px) 100vw, 768px\" \/>            <img loading=\"lazy\" decoding=\"async\" width=\"768\" height=\"512\" src=\"https:\/\/dev.movefusion.eu\/wp-content\/uploads\/2025\/04\/trinoma-background-05-768x512.webp\" class=\"attachment-medium_large size-medium_large\" alt=\"Movefusion\" srcset=\"https:\/\/dev.movefusion.eu\/wp-content\/uploads\/2025\/04\/trinoma-background-05-768x512.webp 768w, https:\/\/dev.movefusion.eu\/wp-content\/uploads\/2025\/04\/trinoma-background-05-300x200.webp 300w, https:\/\/dev.movefusion.eu\/wp-content\/uploads\/2025\/04\/trinoma-background-05-1024x683.webp 1024w, https:\/\/dev.movefusion.eu\/wp-content\/uploads\/2025\/04\/trinoma-background-05-1536x1024.webp 1536w, https:\/\/dev.movefusion.eu\/wp-content\/uploads\/2025\/04\/trinoma-background-05-1200x800.webp 1200w, https:\/\/dev.movefusion.eu\/wp-content\/uploads\/2025\/04\/trinoma-background-05.webp 1920w\" sizes=\"auto, (max-width: 768px) 100vw, 768px\" \/>        <\/div>\r\n        <div>\r\n            <h3>Int\u00e9gration temps r\u00e9el et compatibilit\u00e9 ROS<\/h3>\r\n            <div><p>Nos outils sont con\u00e7us pour fonctionner en temps r\u00e9el, avec une grande fluidit\u00e9, que ce soit en phase de test, de simulation ou de commande.<\/p>\n<p>Des solutions compatibles avec des environnements standards comme ROS, Unity ou Matlab, pour faciliter le d\u00e9ploiement, le prototypage ou l\u2019apprentissage machine.<\/p>\n<p>Movefusion intervient aussi dans l\u2019adaptation des flux de donn\u00e9es \u00e0 vos besoins sp\u00e9cifiques, pour une mise en \u0153uvre rapide et fiable.<\/p>\n<\/div>\r\n        <\/div>\r\n    <\/div>\r\n<\/section>","protected":false},"excerpt":{"rendered":"","protected":false},"author":1,"featured_media":344,"parent":0,"menu_order":0,"comment_status":"closed","ping_status":"closed","template":"","meta":{"_acf_changed":false,"footnotes":""},"class_list":["post-343","page","type-page","status-publish","has-post-thumbnail","hentry"],"acf":[],"yoast_head":"<!-- This site is optimized with the Yoast SEO plugin v26.3 - https:\/\/yoast.com\/wordpress\/plugins\/seo\/ -->\n<title>Robots - Movefusion<\/title>\n<meta name=\"robots\" content=\"noindex, follow, max-snippet:-1, max-image-preview:large, max-video-preview:-1\" \/>\n<meta property=\"og:locale\" content=\"fr_FR\" \/>\n<meta property=\"og:type\" content=\"article\" \/>\n<meta property=\"og:title\" content=\"Robots - Movefusion\" \/>\n<meta property=\"og:url\" content=\"https:\/\/dev.movefusion.eu\/fr\/robots\/\" \/>\n<meta property=\"og:site_name\" content=\"Movefusion\" \/>\n<meta property=\"article:modified_time\" content=\"2026-03-16T16:21:09+00:00\" \/>\n<meta property=\"og:image\" content=\"https:\/\/dev.movefusion.eu\/wp-content\/uploads\/2025\/04\/movefusion_0.webp\" \/>\n\t<meta property=\"og:image:width\" content=\"1920\" \/>\n\t<meta property=\"og:image:height\" content=\"1080\" \/>\n\t<meta property=\"og:image:type\" content=\"image\/webp\" \/>\n<meta name=\"twitter:card\" content=\"summary_large_image\" \/>\n<meta name=\"twitter:label1\" content=\"Dur\u00e9e de lecture estim\u00e9e\" \/>\n\t<meta name=\"twitter:data1\" content=\"1 minute\" \/>\n<script type=\"application\/ld+json\" class=\"yoast-schema-graph\">{\"@context\":\"https:\/\/schema.org\",\"@graph\":[{\"@type\":\"WebPage\",\"@id\":\"https:\/\/dev.movefusion.eu\/fr\/robots\/\",\"url\":\"https:\/\/dev.movefusion.eu\/fr\/robots\/\",\"name\":\"Robots - Movefusion\",\"isPartOf\":{\"@id\":\"https:\/\/dev.movefusion.eu\/#website\"},\"primaryImageOfPage\":{\"@id\":\"https:\/\/dev.movefusion.eu\/fr\/robots\/#primaryimage\"},\"image\":{\"@id\":\"https:\/\/dev.movefusion.eu\/fr\/robots\/#primaryimage\"},\"thumbnailUrl\":\"https:\/\/dev.movefusion.eu\/wp-content\/uploads\/2025\/04\/movefusion_0.webp\",\"datePublished\":\"2025-03-17T08:28:47+00:00\",\"dateModified\":\"2026-03-16T16:21:09+00:00\",\"breadcrumb\":{\"@id\":\"https:\/\/dev.movefusion.eu\/fr\/robots\/#breadcrumb\"},\"inLanguage\":\"fr-FR\",\"potentialAction\":[{\"@type\":\"ReadAction\",\"target\":[\"https:\/\/dev.movefusion.eu\/fr\/robots\/\"]}]},{\"@type\":\"ImageObject\",\"inLanguage\":\"fr-FR\",\"@id\":\"https:\/\/dev.movefusion.eu\/fr\/robots\/#primaryimage\",\"url\":\"https:\/\/dev.movefusion.eu\/wp-content\/uploads\/2025\/04\/movefusion_0.webp\",\"contentUrl\":\"https:\/\/dev.movefusion.eu\/wp-content\/uploads\/2025\/04\/movefusion_0.webp\",\"width\":1920,\"height\":1080,\"caption\":\"Movefusion\"},{\"@type\":\"BreadcrumbList\",\"@id\":\"https:\/\/dev.movefusion.eu\/fr\/robots\/#breadcrumb\",\"itemListElement\":[{\"@type\":\"ListItem\",\"position\":1,\"name\":\"Accueil\",\"item\":\"https:\/\/dev.movefusion.eu\/fr\/\"},{\"@type\":\"ListItem\",\"position\":2,\"name\":\"Robots\"}]},{\"@type\":\"WebSite\",\"@id\":\"https:\/\/dev.movefusion.eu\/#website\",\"url\":\"https:\/\/dev.movefusion.eu\/\",\"name\":\"Movefusion\",\"description\":\"Movefusion by Trinoma\",\"publisher\":{\"@id\":\"https:\/\/dev.movefusion.eu\/#organization\"},\"alternateName\":\"Movefusion\",\"potentialAction\":[{\"@type\":\"SearchAction\",\"target\":{\"@type\":\"EntryPoint\",\"urlTemplate\":\"https:\/\/dev.movefusion.eu\/?s={search_term_string}\"},\"query-input\":{\"@type\":\"PropertyValueSpecification\",\"valueRequired\":true,\"valueName\":\"search_term_string\"}}],\"inLanguage\":\"fr-FR\"},{\"@type\":\"Organization\",\"@id\":\"https:\/\/dev.movefusion.eu\/#organization\",\"name\":\"Movefusion\",\"alternateName\":\"Movefusion\",\"url\":\"https:\/\/dev.movefusion.eu\/\",\"logo\":{\"@type\":\"ImageObject\",\"inLanguage\":\"fr-FR\",\"@id\":\"https:\/\/dev.movefusion.eu\/#\/schema\/logo\/image\/\",\"url\":\"https:\/\/dev.movefusion.eu\/wp-content\/uploads\/2024\/07\/logo_movefusion.webp\",\"contentUrl\":\"https:\/\/dev.movefusion.eu\/wp-content\/uploads\/2024\/07\/logo_movefusion.webp\",\"width\":843,\"height\":596,\"caption\":\"Movefusion\"},\"image\":{\"@id\":\"https:\/\/dev.movefusion.eu\/#\/schema\/logo\/image\/\"}}]}<\/script>\n<!-- \/ Yoast SEO plugin. -->","yoast_head_json":{"title":"Robots - Movefusion","robots":{"index":"noindex","follow":"follow","max-snippet":"max-snippet:-1","max-image-preview":"max-image-preview:large","max-video-preview":"max-video-preview:-1"},"og_locale":"fr_FR","og_type":"article","og_title":"Robots - Movefusion","og_url":"https:\/\/dev.movefusion.eu\/fr\/robots\/","og_site_name":"Movefusion","article_modified_time":"2026-03-16T16:21:09+00:00","og_image":[{"width":1920,"height":1080,"url":"https:\/\/dev.movefusion.eu\/wp-content\/uploads\/2025\/04\/movefusion_0.webp","type":"image\/webp"}],"twitter_card":"summary_large_image","twitter_misc":{"Dur\u00e9e de lecture estim\u00e9e":"1 minute"},"schema":{"@context":"https:\/\/schema.org","@graph":[{"@type":"WebPage","@id":"https:\/\/dev.movefusion.eu\/fr\/robots\/","url":"https:\/\/dev.movefusion.eu\/fr\/robots\/","name":"Robots - Movefusion","isPartOf":{"@id":"https:\/\/dev.movefusion.eu\/#website"},"primaryImageOfPage":{"@id":"https:\/\/dev.movefusion.eu\/fr\/robots\/#primaryimage"},"image":{"@id":"https:\/\/dev.movefusion.eu\/fr\/robots\/#primaryimage"},"thumbnailUrl":"https:\/\/dev.movefusion.eu\/wp-content\/uploads\/2025\/04\/movefusion_0.webp","datePublished":"2025-03-17T08:28:47+00:00","dateModified":"2026-03-16T16:21:09+00:00","breadcrumb":{"@id":"https:\/\/dev.movefusion.eu\/fr\/robots\/#breadcrumb"},"inLanguage":"fr-FR","potentialAction":[{"@type":"ReadAction","target":["https:\/\/dev.movefusion.eu\/fr\/robots\/"]}]},{"@type":"ImageObject","inLanguage":"fr-FR","@id":"https:\/\/dev.movefusion.eu\/fr\/robots\/#primaryimage","url":"https:\/\/dev.movefusion.eu\/wp-content\/uploads\/2025\/04\/movefusion_0.webp","contentUrl":"https:\/\/dev.movefusion.eu\/wp-content\/uploads\/2025\/04\/movefusion_0.webp","width":1920,"height":1080,"caption":"Movefusion"},{"@type":"BreadcrumbList","@id":"https:\/\/dev.movefusion.eu\/fr\/robots\/#breadcrumb","itemListElement":[{"@type":"ListItem","position":1,"name":"Accueil","item":"https:\/\/dev.movefusion.eu\/fr\/"},{"@type":"ListItem","position":2,"name":"Robots"}]},{"@type":"WebSite","@id":"https:\/\/dev.movefusion.eu\/#website","url":"https:\/\/dev.movefusion.eu\/","name":"Movefusion","description":"Movefusion by Trinoma","publisher":{"@id":"https:\/\/dev.movefusion.eu\/#organization"},"alternateName":"Movefusion","potentialAction":[{"@type":"SearchAction","target":{"@type":"EntryPoint","urlTemplate":"https:\/\/dev.movefusion.eu\/?s={search_term_string}"},"query-input":{"@type":"PropertyValueSpecification","valueRequired":true,"valueName":"search_term_string"}}],"inLanguage":"fr-FR"},{"@type":"Organization","@id":"https:\/\/dev.movefusion.eu\/#organization","name":"Movefusion","alternateName":"Movefusion","url":"https:\/\/dev.movefusion.eu\/","logo":{"@type":"ImageObject","inLanguage":"fr-FR","@id":"https:\/\/dev.movefusion.eu\/#\/schema\/logo\/image\/","url":"https:\/\/dev.movefusion.eu\/wp-content\/uploads\/2024\/07\/logo_movefusion.webp","contentUrl":"https:\/\/dev.movefusion.eu\/wp-content\/uploads\/2024\/07\/logo_movefusion.webp","width":843,"height":596,"caption":"Movefusion"},"image":{"@id":"https:\/\/dev.movefusion.eu\/#\/schema\/logo\/image\/"}}]}},"_links":{"self":[{"href":"https:\/\/dev.movefusion.eu\/fr\/wp-json\/wp\/v2\/pages\/343","targetHints":{"allow":["GET"]}}],"collection":[{"href":"https:\/\/dev.movefusion.eu\/fr\/wp-json\/wp\/v2\/pages"}],"about":[{"href":"https:\/\/dev.movefusion.eu\/fr\/wp-json\/wp\/v2\/types\/page"}],"author":[{"embeddable":true,"href":"https:\/\/dev.movefusion.eu\/fr\/wp-json\/wp\/v2\/users\/1"}],"replies":[{"embeddable":true,"href":"https:\/\/dev.movefusion.eu\/fr\/wp-json\/wp\/v2\/comments?post=343"}],"version-history":[{"count":3,"href":"https:\/\/dev.movefusion.eu\/fr\/wp-json\/wp\/v2\/pages\/343\/revisions"}],"predecessor-version":[{"id":563,"href":"https:\/\/dev.movefusion.eu\/fr\/wp-json\/wp\/v2\/pages\/343\/revisions\/563"}],"wp:featuredmedia":[{"embeddable":true,"href":"https:\/\/dev.movefusion.eu\/fr\/wp-json\/wp\/v2\/media\/344"}],"wp:attachment":[{"href":"https:\/\/dev.movefusion.eu\/fr\/wp-json\/wp\/v2\/media?parent=343"}],"curies":[{"name":"wp","href":"https:\/\/api.w.org\/{rel}","templated":true}]}}