{"id":345,"date":"2025-03-17T09:28:38","date_gmt":"2025-03-17T08:28:38","guid":{"rendered":"https:\/\/dev.movefusion.eu\/human\/"},"modified":"2026-03-27T11:27:28","modified_gmt":"2026-03-27T10:27:28","slug":"humain","status":"publish","type":"page","link":"https:\/\/dev.movefusion.eu\/fr\/humain\/","title":{"rendered":"Humain"},"content":{"rendered":"\r\n<section\r\n    class=\"image-texte-droite\"\r\n    >\r\n    <div>\r\n        <div><img loading=\"lazy\" decoding=\"async\" width=\"1024\" height=\"728\" src=\"https:\/\/dev.movefusion.eu\/wp-content\/uploads\/2026\/03\/human01-1024x728.webp\" class=\"attachment-large size-large\" alt=\"Au service de l&#039;humain\" srcset=\"https:\/\/dev.movefusion.eu\/wp-content\/uploads\/2026\/03\/human01-1024x728.webp 1024w, https:\/\/dev.movefusion.eu\/wp-content\/uploads\/2026\/03\/human01-300x213.webp 300w, https:\/\/dev.movefusion.eu\/wp-content\/uploads\/2026\/03\/human01-768x546.webp 768w, https:\/\/dev.movefusion.eu\/wp-content\/uploads\/2026\/03\/human01-1200x853.webp 1200w, https:\/\/dev.movefusion.eu\/wp-content\/uploads\/2026\/03\/human01.webp 1304w\" sizes=\"auto, (max-width: 1024px) 100vw, 1024px\" \/><\/div>\r\n        <div>\r\n            <img loading=\"lazy\" decoding=\"async\" width=\"768\" height=\"512\" src=\"https:\/\/dev.movefusion.eu\/wp-content\/uploads\/2025\/04\/trinoma-background-37-768x512.webp\" class=\"attachment-medium_large size-medium_large\" alt=\"Movefusion\" srcset=\"https:\/\/dev.movefusion.eu\/wp-content\/uploads\/2025\/04\/trinoma-background-37-768x512.webp 768w, https:\/\/dev.movefusion.eu\/wp-content\/uploads\/2025\/04\/trinoma-background-37-300x200.webp 300w, https:\/\/dev.movefusion.eu\/wp-content\/uploads\/2025\/04\/trinoma-background-37-1024x683.webp 1024w, https:\/\/dev.movefusion.eu\/wp-content\/uploads\/2025\/04\/trinoma-background-37-1200x800.webp 1200w, https:\/\/dev.movefusion.eu\/wp-content\/uploads\/2025\/04\/trinoma-background-37.webp 1344w\" sizes=\"auto, (max-width: 768px) 100vw, 768px\" \/>            <div>\r\n                <div>\r\n                    <h2>Une innovation accessible, respectueuse et durable.<\/h2>\r\n                    <div><p>Nos dispositifs sont modulaires, r\u00e9utilisables et con\u00e7us sans bo\u00eete noire, dans un souci de transparence, de sobri\u00e9t\u00e9 et d\u2019efficacit\u00e9.<\/p>\n<p>C\u2019est pourquoi chaque projet est \u00e9tudi\u00e9 avec attention, selon nos engagements, pour une ing\u00e9nierie \u00e9thique, \u00e9volutive et efficiente.<\/p>\n<\/div>\r\n                <\/div>\r\n            <\/div>\r\n        <\/div>\r\n    <\/div>\r\n<\/section>\n\n\r\n<section\r\n    class=\"image-texte-gauche\"\r\n    style=\"background-image: url('https:\/\/dev.movefusion.eu\/wp-content\/uploads\/2025\/04\/trinoma-background-33.webp'); \"\r\n>\r\n    <div>\r\n        <div>\r\n            <h2>Domaines d&rsquo;application<\/h2>\r\n            <h3>Chaque projet est un d\u00e9fi que nous relevons.<\/h3>\r\n            <div><p>Que ce soit dans les domaines de la sant\u00e9, de la recherche, des sciences humaines et sociales, de l\u2019intelligence artificielle, du sport ou de l\u2019entertainment, notre force, c\u2019est l\u2019ing\u00e9nierie !<\/p>\n<p>Un savoir-faire modulable, capable de s\u2019adapter \u00e0 toute probl\u00e9matique, et ce, pour tout secteur d&rsquo;activit\u00e9. Car chaque projet est un nouveau terrain d\u2019exploration, que nous abordons avec m\u00e9thode, cr\u00e9ativit\u00e9 et engagement.<\/p>\n<\/div>\r\n            <a href=\"https:\/\/trinoma.fr\/\" class=\"btn\" target=\"_blank\">More<\/a>\r\n        <\/div>\r\n    <\/div>\r\n<\/section>\n\n\r\n<section\r\n    class=\"trois-images\"\r\n    >\r\n    <div>\r\n        <img loading=\"lazy\" decoding=\"async\" width=\"768\" height=\"510\" src=\"https:\/\/dev.movefusion.eu\/wp-content\/uploads\/2026\/03\/human02-768x510.webp\" class=\"attachment-medium_large size-medium_large\" alt=\"Golf Movment capture\" srcset=\"https:\/\/dev.movefusion.eu\/wp-content\/uploads\/2026\/03\/human02-768x510.webp 768w, https:\/\/dev.movefusion.eu\/wp-content\/uploads\/2026\/03\/human02-300x199.webp 300w, https:\/\/dev.movefusion.eu\/wp-content\/uploads\/2026\/03\/human02-1024x680.webp 1024w, https:\/\/dev.movefusion.eu\/wp-content\/uploads\/2026\/03\/human02-1536x1020.webp 1536w, https:\/\/dev.movefusion.eu\/wp-content\/uploads\/2026\/03\/human02-2048x1360.webp 2048w, https:\/\/dev.movefusion.eu\/wp-content\/uploads\/2026\/03\/human02-1200x797.webp 1200w, https:\/\/dev.movefusion.eu\/wp-content\/uploads\/2026\/03\/human02-1980x1315.webp 1980w\" sizes=\"auto, (max-width: 768px) 100vw, 768px\" \/>        <img loading=\"lazy\" decoding=\"async\" width=\"768\" height=\"432\" src=\"https:\/\/dev.movefusion.eu\/wp-content\/uploads\/2026\/03\/movefusion_3-768x432-1.webp\" class=\"attachment-medium_large size-medium_large\" alt=\"\" srcset=\"https:\/\/dev.movefusion.eu\/wp-content\/uploads\/2026\/03\/movefusion_3-768x432-1.webp 768w, https:\/\/dev.movefusion.eu\/wp-content\/uploads\/2026\/03\/movefusion_3-768x432-1-300x169.webp 300w\" sizes=\"auto, (max-width: 768px) 100vw, 768px\" \/>        <img loading=\"lazy\" decoding=\"async\" width=\"640\" height=\"360\" src=\"https:\/\/dev.movefusion.eu\/wp-content\/uploads\/2026\/03\/movefusion_5.webp\" class=\"attachment-medium_large size-medium_large\" alt=\"\" srcset=\"https:\/\/dev.movefusion.eu\/wp-content\/uploads\/2026\/03\/movefusion_5.webp 640w, https:\/\/dev.movefusion.eu\/wp-content\/uploads\/2026\/03\/movefusion_5-300x169.webp 300w\" sizes=\"auto, (max-width: 640px) 100vw, 640px\" \/>    <\/div>\r\n    <div>\r\n        <p>un progr\u00e8s durable et partag\u00e9<\/p>\r\n    <\/div>\r\n<\/section>\n\n\r\n<section\r\n    class=\"big-zone\"\r\n    >\r\n    <div>\r\n        <div style=\"background-image: url('https:\/\/dev.movefusion.eu\/wp-content\/uploads\/2025\/04\/trinoma-background-32.webp');\"><\/div>\r\n        <div>\r\n            <h2>Sant\u00e9<\/h2>\r\n            <h3>mesurer pour mieux soigner<\/h3>\r\n            <div><p>Dans le domaine <strong>m\u00e9dical<\/strong>, la pr\u00e9cision de l\u2019analyse du mouvement est un atout d\u00e9terminant pour le diagnostic, la r\u00e9\u00e9ducation et la prise en charge th\u00e9rapeutique ou chirurgicale. MOVEFUSION accompagne les professionnels de sant\u00e9, les centres hospitaliers, les cliniques sp\u00e9cialis\u00e9es et les orthop\u00e9distes dans la mise en place de dispositifs d\u2019observation et d\u2019\u00e9valuation fonctionnelle.<\/p>\n<p>Gr\u00e2ce \u00e0 des outils de captation optique 3D, de plateformes de force, de capteurs EMG et de solutions logicielles d\u00e9di\u00e9es, nous nous assurons de mesurer objectivement la mobilit\u00e9 d\u2019un patient avant et apr\u00e8s une op\u00e9ration, tout au long d\u2019un programme de r\u00e9\u00e9ducation, ou dans le cadre d\u2019un suivi \u00e0 long terme. L\u2019objectif : quantifier les progr\u00e8s, ajuster les protocoles, et fiabiliser les d\u00e9cisions cliniques.<\/p>\n<p>MOVEFUSION intervient aux c\u00f4t\u00e9s de partenaires comme le <a href=\"https:\/\/www.rehazenter.lu\/fr\/\" target=\"_blank\" rel=\"noopener\">Rehazenter<\/a> au Luxembourg, les <a href=\"https:\/\/www.hug.ch\/\" target=\"_blank\" rel=\"noopener\">H\u00f4pitaux Universitaires de Gen\u00e8ve<\/a> ou encore le Centre <a href=\"https:\/\/footandankleinstitute.be\/fr\/\" target=\"_blank\" rel=\"noopener\">Foot &amp; Ankle Institute<\/a> de Bruxelles, avec l\u2019expertise technique de Totum Motum, Samcon et Trinoma.<\/p>\n<p>Nos dispositifs, \u00e9volutifs et personnalisables, s\u2019int\u00e8grent facilement dans les structures existantes. Ils sont con\u00e7us pour \u00eatre utilis\u00e9s par les \u00e9quipes m\u00e9dicales, tout en garantissant fiabilit\u00e9, confort et respect de la situation des patients.<\/p>\n<\/div>\r\n            <a href=\"https:\/\/trinoma.fr\/you-are\/sante\/\" class=\"btn\" target=\"_blank\">More<\/a>\r\n        <\/div>\r\n    <\/div>\r\n\r\n    <div>\r\n        <div>\r\n            <img loading=\"lazy\" decoding=\"async\" width=\"768\" height=\"512\" src=\"https:\/\/dev.movefusion.eu\/wp-content\/uploads\/2026\/03\/human03-768x512.webp\" class=\"attachment-medium_large size-medium_large\" alt=\"\" srcset=\"https:\/\/dev.movefusion.eu\/wp-content\/uploads\/2026\/03\/human03-768x512.webp 768w, https:\/\/dev.movefusion.eu\/wp-content\/uploads\/2026\/03\/human03-300x200.webp 300w, https:\/\/dev.movefusion.eu\/wp-content\/uploads\/2026\/03\/human03-1024x683.webp 1024w, https:\/\/dev.movefusion.eu\/wp-content\/uploads\/2026\/03\/human03-1536x1025.webp 1536w, https:\/\/dev.movefusion.eu\/wp-content\/uploads\/2026\/03\/human03-2048x1366.webp 2048w, https:\/\/dev.movefusion.eu\/wp-content\/uploads\/2026\/03\/human03-1200x800.webp 1200w, https:\/\/dev.movefusion.eu\/wp-content\/uploads\/2026\/03\/human03-1980x1321.webp 1980w\" sizes=\"auto, (max-width: 768px) 100vw, 768px\" \/>            <img loading=\"lazy\" decoding=\"async\" width=\"768\" height=\"512\" src=\"https:\/\/dev.movefusion.eu\/wp-content\/uploads\/2026\/03\/human04-768x512.webp\" class=\"attachment-medium_large size-medium_large\" alt=\"\" srcset=\"https:\/\/dev.movefusion.eu\/wp-content\/uploads\/2026\/03\/human04-768x512.webp 768w, https:\/\/dev.movefusion.eu\/wp-content\/uploads\/2026\/03\/human04-300x200.webp 300w, https:\/\/dev.movefusion.eu\/wp-content\/uploads\/2026\/03\/human04-1024x683.webp 1024w, https:\/\/dev.movefusion.eu\/wp-content\/uploads\/2026\/03\/human04-1536x1025.webp 1536w, https:\/\/dev.movefusion.eu\/wp-content\/uploads\/2026\/03\/human04-2048x1366.webp 2048w, https:\/\/dev.movefusion.eu\/wp-content\/uploads\/2026\/03\/human04-1200x800.webp 1200w, https:\/\/dev.movefusion.eu\/wp-content\/uploads\/2026\/03\/human04-1980x1321.webp 1980w\" sizes=\"auto, (max-width: 768px) 100vw, 768px\" \/>        <\/div>\r\n        <div>\r\n            <h3>Recherche &#038; enseignement<\/h3>\r\n            <div><p data-start=\"1622\" data-end=\"1957\">Le mouvement humain est un champ d\u2019exploration in\u00e9puisable pour les laboratoires de recherche en sciences humaines, biom\u00e9caniques, cognitives ou sociales. MOVEFUSION met \u00e0 disposition des chercheurs et enseignants des outils de mesure et d\u2019analyse rigoureux, \u00e9volutifs et adapt\u00e9s \u00e0 une grande diversit\u00e9 d\u2019environnements scientifiques.<\/p>\n<p data-start=\"1959\" data-end=\"2443\">Nos dispositifs permettent d\u2019\u00e9tudier des ph\u00e9nom\u00e8nes complexes : coordination motrice, interaction sociale, apprentissage gestuel, perception sensorielle, \u00e9motions en situation r\u00e9elle, etc. En neurosciences, ils facilitent l\u2019observation du lien entre activit\u00e9 c\u00e9r\u00e9brale et mouvement ; en ergonomie, ils contribuent \u00e0 l\u2019optimisation des postures et des environnements de travail ; en psychologie ou sciences de l\u2019\u00e9ducation, ils offrent des donn\u00e9es objectives sur le comportement moteur.<\/p>\n<p data-start=\"2445\" data-end=\"2703\">Gr\u00e2ce \u00e0 la modularit\u00e9 des syst\u00e8mes propos\u00e9s (captation optique, mesure EMG, mod\u00e9lisation 3D, synchronisation temps r\u00e9el, cloud collaboratif), nos solutions s\u2019int\u00e8grent aussi bien dans des laboratoires de pointe que dans des projets p\u00e9dagogiques transversaux.<\/p>\n<\/div>\r\n        <\/div>\r\n    <\/div>\r\n<\/section>\n\n\r\n<section\r\n    class=\"big-zone-texte-gauche\"\r\n     \r\n        style=\"margin-top: 5em; \"\r\n    >\r\n    <div style=\"background-image: url('https:\/\/dev.movefusion.eu\/wp-content\/uploads\/2025\/04\/trinoma_8.webp');\"><\/div>\r\n    <div>\r\n        <h2>sport<\/h2>\r\n        <h3>optimiser la performance, <br>pr\u00e9venir les blessures<\/h3>\r\n        <div><p>La performance sportive repose sur une connaissance fine du mouvement. Qu\u2019il s\u2019agisse de la foul\u00e9e d\u2019un coureur, du geste d\u2019un golfeur ou de la posture d\u2019un cycliste, chaque d\u00e9tail compte. MOVEFUSION met \u00e0 disposition des entra\u00eeneurs, pr\u00e9parateurs physiques, chercheurs et athl\u00e8tes, des outils d\u2019analyse avanc\u00e9e, con\u00e7us pour observer, mesurer et interpr\u00e9ter le mouvement en temps r\u00e9el ou en diff\u00e9r\u00e9.<\/p>\n<p>Nos solutions de captation optique, d\u2019\u00e9lectromyographie et de mod\u00e9lisation biom\u00e9canique permettent une \u00e9valuation objective de la gestuelle, de la charge musculaire ou de la coordination. Ces donn\u00e9es pr\u00e9cieuses permettent de construire des protocoles d\u2019entra\u00eenement individualis\u00e9s, de corriger des d\u00e9s\u00e9quilibres, d\u2019\u00e9viter les sursollicitations, et de suivre avec pr\u00e9cision les effets d\u2019une pr\u00e9paration ou d\u2019un retour de blessure.<\/p>\n<p>Nous intervenons aussi bien dans des contextes de haut niveau que dans des structures de formation ou de recherche. <\/p>\n<p>Notre ambition : rendre la performance plus lisible, plus ma\u00eetris\u00e9e, et plus durable.<\/p>\n<\/div>\r\n        <a href=\"https:\/\/trinoma.fr\/you-are\/sport\/\" class=\"btn\" target=\"_blank\">More<\/a>\r\n    <\/div>\r\n<\/section>","protected":false},"excerpt":{"rendered":"","protected":false},"author":1,"featured_media":346,"parent":0,"menu_order":0,"comment_status":"closed","ping_status":"closed","template":"","meta":{"_acf_changed":false,"footnotes":""},"class_list":["post-345","page","type-page","status-publish","has-post-thumbnail","hentry"],"acf":[],"yoast_head":"<!-- This site is optimized with the Yoast SEO plugin v26.3 - https:\/\/yoast.com\/wordpress\/plugins\/seo\/ -->\n<title>Humain - Movefusion<\/title>\n<meta name=\"robots\" content=\"noindex, follow, max-snippet:-1, max-image-preview:large, max-video-preview:-1\" \/>\n<meta property=\"og:locale\" content=\"fr_FR\" \/>\n<meta property=\"og:type\" content=\"article\" \/>\n<meta property=\"og:title\" content=\"Humain - Movefusion\" \/>\n<meta property=\"og:url\" content=\"https:\/\/dev.movefusion.eu\/fr\/humain\/\" \/>\n<meta property=\"og:site_name\" content=\"Movefusion\" \/>\n<meta property=\"article:modified_time\" content=\"2026-03-27T10:27:28+00:00\" \/>\n<meta property=\"og:image\" content=\"https:\/\/dev.movefusion.eu\/wp-content\/uploads\/2025\/04\/movefusion.webp\" \/>\n\t<meta property=\"og:image:width\" content=\"1920\" \/>\n\t<meta property=\"og:image:height\" content=\"1280\" \/>\n\t<meta property=\"og:image:type\" content=\"image\/webp\" \/>\n<meta name=\"twitter:card\" content=\"summary_large_image\" \/>\n<meta name=\"twitter:label1\" content=\"Dur\u00e9e de lecture estim\u00e9e\" \/>\n\t<meta name=\"twitter:data1\" content=\"1 minute\" \/>\n<script type=\"application\/ld+json\" class=\"yoast-schema-graph\">{\"@context\":\"https:\/\/schema.org\",\"@graph\":[{\"@type\":\"WebPage\",\"@id\":\"https:\/\/dev.movefusion.eu\/fr\/humain\/\",\"url\":\"https:\/\/dev.movefusion.eu\/fr\/humain\/\",\"name\":\"Humain - Movefusion\",\"isPartOf\":{\"@id\":\"https:\/\/dev.movefusion.eu\/#website\"},\"primaryImageOfPage\":{\"@id\":\"https:\/\/dev.movefusion.eu\/fr\/humain\/#primaryimage\"},\"image\":{\"@id\":\"https:\/\/dev.movefusion.eu\/fr\/humain\/#primaryimage\"},\"thumbnailUrl\":\"https:\/\/dev.movefusion.eu\/wp-content\/uploads\/2025\/04\/movefusion.webp\",\"datePublished\":\"2025-03-17T08:28:38+00:00\",\"dateModified\":\"2026-03-27T10:27:28+00:00\",\"breadcrumb\":{\"@id\":\"https:\/\/dev.movefusion.eu\/fr\/humain\/#breadcrumb\"},\"inLanguage\":\"fr-FR\",\"potentialAction\":[{\"@type\":\"ReadAction\",\"target\":[\"https:\/\/dev.movefusion.eu\/fr\/humain\/\"]}]},{\"@type\":\"ImageObject\",\"inLanguage\":\"fr-FR\",\"@id\":\"https:\/\/dev.movefusion.eu\/fr\/humain\/#primaryimage\",\"url\":\"https:\/\/dev.movefusion.eu\/wp-content\/uploads\/2025\/04\/movefusion.webp\",\"contentUrl\":\"https:\/\/dev.movefusion.eu\/wp-content\/uploads\/2025\/04\/movefusion.webp\",\"width\":1920,\"height\":1280,\"caption\":\"Movefusion\"},{\"@type\":\"BreadcrumbList\",\"@id\":\"https:\/\/dev.movefusion.eu\/fr\/humain\/#breadcrumb\",\"itemListElement\":[{\"@type\":\"ListItem\",\"position\":1,\"name\":\"Accueil\",\"item\":\"https:\/\/dev.movefusion.eu\/fr\/\"},{\"@type\":\"ListItem\",\"position\":2,\"name\":\"Humain\"}]},{\"@type\":\"WebSite\",\"@id\":\"https:\/\/dev.movefusion.eu\/#website\",\"url\":\"https:\/\/dev.movefusion.eu\/\",\"name\":\"Movefusion\",\"description\":\"Movefusion by Trinoma\",\"publisher\":{\"@id\":\"https:\/\/dev.movefusion.eu\/#organization\"},\"alternateName\":\"Movefusion\",\"potentialAction\":[{\"@type\":\"SearchAction\",\"target\":{\"@type\":\"EntryPoint\",\"urlTemplate\":\"https:\/\/dev.movefusion.eu\/?s={search_term_string}\"},\"query-input\":{\"@type\":\"PropertyValueSpecification\",\"valueRequired\":true,\"valueName\":\"search_term_string\"}}],\"inLanguage\":\"fr-FR\"},{\"@type\":\"Organization\",\"@id\":\"https:\/\/dev.movefusion.eu\/#organization\",\"name\":\"Movefusion\",\"alternateName\":\"Movefusion\",\"url\":\"https:\/\/dev.movefusion.eu\/\",\"logo\":{\"@type\":\"ImageObject\",\"inLanguage\":\"fr-FR\",\"@id\":\"https:\/\/dev.movefusion.eu\/#\/schema\/logo\/image\/\",\"url\":\"https:\/\/dev.movefusion.eu\/wp-content\/uploads\/2024\/07\/logo_movefusion.webp\",\"contentUrl\":\"https:\/\/dev.movefusion.eu\/wp-content\/uploads\/2024\/07\/logo_movefusion.webp\",\"width\":843,\"height\":596,\"caption\":\"Movefusion\"},\"image\":{\"@id\":\"https:\/\/dev.movefusion.eu\/#\/schema\/logo\/image\/\"}}]}<\/script>\n<!-- \/ Yoast SEO plugin. -->","yoast_head_json":{"title":"Humain - Movefusion","robots":{"index":"noindex","follow":"follow","max-snippet":"max-snippet:-1","max-image-preview":"max-image-preview:large","max-video-preview":"max-video-preview:-1"},"og_locale":"fr_FR","og_type":"article","og_title":"Humain - Movefusion","og_url":"https:\/\/dev.movefusion.eu\/fr\/humain\/","og_site_name":"Movefusion","article_modified_time":"2026-03-27T10:27:28+00:00","og_image":[{"width":1920,"height":1280,"url":"https:\/\/dev.movefusion.eu\/wp-content\/uploads\/2025\/04\/movefusion.webp","type":"image\/webp"}],"twitter_card":"summary_large_image","twitter_misc":{"Dur\u00e9e de lecture estim\u00e9e":"1 minute"},"schema":{"@context":"https:\/\/schema.org","@graph":[{"@type":"WebPage","@id":"https:\/\/dev.movefusion.eu\/fr\/humain\/","url":"https:\/\/dev.movefusion.eu\/fr\/humain\/","name":"Humain - Movefusion","isPartOf":{"@id":"https:\/\/dev.movefusion.eu\/#website"},"primaryImageOfPage":{"@id":"https:\/\/dev.movefusion.eu\/fr\/humain\/#primaryimage"},"image":{"@id":"https:\/\/dev.movefusion.eu\/fr\/humain\/#primaryimage"},"thumbnailUrl":"https:\/\/dev.movefusion.eu\/wp-content\/uploads\/2025\/04\/movefusion.webp","datePublished":"2025-03-17T08:28:38+00:00","dateModified":"2026-03-27T10:27:28+00:00","breadcrumb":{"@id":"https:\/\/dev.movefusion.eu\/fr\/humain\/#breadcrumb"},"inLanguage":"fr-FR","potentialAction":[{"@type":"ReadAction","target":["https:\/\/dev.movefusion.eu\/fr\/humain\/"]}]},{"@type":"ImageObject","inLanguage":"fr-FR","@id":"https:\/\/dev.movefusion.eu\/fr\/humain\/#primaryimage","url":"https:\/\/dev.movefusion.eu\/wp-content\/uploads\/2025\/04\/movefusion.webp","contentUrl":"https:\/\/dev.movefusion.eu\/wp-content\/uploads\/2025\/04\/movefusion.webp","width":1920,"height":1280,"caption":"Movefusion"},{"@type":"BreadcrumbList","@id":"https:\/\/dev.movefusion.eu\/fr\/humain\/#breadcrumb","itemListElement":[{"@type":"ListItem","position":1,"name":"Accueil","item":"https:\/\/dev.movefusion.eu\/fr\/"},{"@type":"ListItem","position":2,"name":"Humain"}]},{"@type":"WebSite","@id":"https:\/\/dev.movefusion.eu\/#website","url":"https:\/\/dev.movefusion.eu\/","name":"Movefusion","description":"Movefusion by Trinoma","publisher":{"@id":"https:\/\/dev.movefusion.eu\/#organization"},"alternateName":"Movefusion","potentialAction":[{"@type":"SearchAction","target":{"@type":"EntryPoint","urlTemplate":"https:\/\/dev.movefusion.eu\/?s={search_term_string}"},"query-input":{"@type":"PropertyValueSpecification","valueRequired":true,"valueName":"search_term_string"}}],"inLanguage":"fr-FR"},{"@type":"Organization","@id":"https:\/\/dev.movefusion.eu\/#organization","name":"Movefusion","alternateName":"Movefusion","url":"https:\/\/dev.movefusion.eu\/","logo":{"@type":"ImageObject","inLanguage":"fr-FR","@id":"https:\/\/dev.movefusion.eu\/#\/schema\/logo\/image\/","url":"https:\/\/dev.movefusion.eu\/wp-content\/uploads\/2024\/07\/logo_movefusion.webp","contentUrl":"https:\/\/dev.movefusion.eu\/wp-content\/uploads\/2024\/07\/logo_movefusion.webp","width":843,"height":596,"caption":"Movefusion"},"image":{"@id":"https:\/\/dev.movefusion.eu\/#\/schema\/logo\/image\/"}}]}},"_links":{"self":[{"href":"https:\/\/dev.movefusion.eu\/fr\/wp-json\/wp\/v2\/pages\/345","targetHints":{"allow":["GET"]}}],"collection":[{"href":"https:\/\/dev.movefusion.eu\/fr\/wp-json\/wp\/v2\/pages"}],"about":[{"href":"https:\/\/dev.movefusion.eu\/fr\/wp-json\/wp\/v2\/types\/page"}],"author":[{"embeddable":true,"href":"https:\/\/dev.movefusion.eu\/fr\/wp-json\/wp\/v2\/users\/1"}],"replies":[{"embeddable":true,"href":"https:\/\/dev.movefusion.eu\/fr\/wp-json\/wp\/v2\/comments?post=345"}],"version-history":[{"count":2,"href":"https:\/\/dev.movefusion.eu\/fr\/wp-json\/wp\/v2\/pages\/345\/revisions"}],"predecessor-version":[{"id":624,"href":"https:\/\/dev.movefusion.eu\/fr\/wp-json\/wp\/v2\/pages\/345\/revisions\/624"}],"wp:featuredmedia":[{"embeddable":true,"href":"https:\/\/dev.movefusion.eu\/fr\/wp-json\/wp\/v2\/media\/346"}],"wp:attachment":[{"href":"https:\/\/dev.movefusion.eu\/fr\/wp-json\/wp\/v2\/media?parent=345"}],"curies":[{"name":"wp","href":"https:\/\/api.w.org\/{rel}","templated":true}]}}