{"id":553,"date":"2025-03-17T09:28:38","date_gmt":"2025-03-17T08:28:38","guid":{"rendered":"https:\/\/dev.movefusion.eu\/human\/"},"modified":"2026-03-27T15:05:43","modified_gmt":"2026-03-27T14:05:43","slug":"human","status":"publish","type":"page","link":"https:\/\/dev.movefusion.eu\/it\/human\/","title":{"rendered":"Umano"},"content":{"rendered":"\r\n<section\r\n    class=\"image-texte-droite\"\r\n    >\r\n    <div>\r\n        <div><img loading=\"lazy\" decoding=\"async\" width=\"1024\" height=\"728\" src=\"https:\/\/dev.movefusion.eu\/wp-content\/uploads\/2026\/03\/human01-1024x728.webp\" class=\"attachment-large size-large\" alt=\"Au service de l&#039;humain\" srcset=\"https:\/\/dev.movefusion.eu\/wp-content\/uploads\/2026\/03\/human01-1024x728.webp 1024w, https:\/\/dev.movefusion.eu\/wp-content\/uploads\/2026\/03\/human01-300x213.webp 300w, https:\/\/dev.movefusion.eu\/wp-content\/uploads\/2026\/03\/human01-768x546.webp 768w, https:\/\/dev.movefusion.eu\/wp-content\/uploads\/2026\/03\/human01-1200x853.webp 1200w, https:\/\/dev.movefusion.eu\/wp-content\/uploads\/2026\/03\/human01.webp 1304w\" sizes=\"auto, (max-width: 1024px) 100vw, 1024px\" \/><\/div>\r\n        <div>\r\n            <img loading=\"lazy\" decoding=\"async\" width=\"768\" height=\"512\" src=\"https:\/\/dev.movefusion.eu\/wp-content\/uploads\/2025\/04\/trinoma-background-37-768x512.webp\" class=\"attachment-medium_large size-medium_large\" alt=\"Movefusion\" srcset=\"https:\/\/dev.movefusion.eu\/wp-content\/uploads\/2025\/04\/trinoma-background-37-768x512.webp 768w, https:\/\/dev.movefusion.eu\/wp-content\/uploads\/2025\/04\/trinoma-background-37-300x200.webp 300w, https:\/\/dev.movefusion.eu\/wp-content\/uploads\/2025\/04\/trinoma-background-37-1024x683.webp 1024w, https:\/\/dev.movefusion.eu\/wp-content\/uploads\/2025\/04\/trinoma-background-37-1200x800.webp 1200w, https:\/\/dev.movefusion.eu\/wp-content\/uploads\/2025\/04\/trinoma-background-37.webp 1344w\" sizes=\"auto, (max-width: 768px) 100vw, 768px\" \/>            <div>\r\n                <div>\r\n                    <h2>Un\u2019innovazione accessibile, responsabile e sostenibile<\/h2>\r\n                    <div><p data-start=\"75\" data-end=\"237\">I nostri dispositivi sono modulari, riutilizzabili e progettati senza \u201cscatole nere\u201d, con particolare attenzione alla trasparenza, alla sobriet\u00e0 e all\u2019efficienza.<\/p>\n<p data-start=\"239\" data-end=\"371\" data-is-last-node=\"\" data-is-only-node=\"\">Per questo ogni progetto viene studiato con cura, nel rispetto dei nostri impegni, per un\u2019ingegneria etica, evolutiva ed efficiente.<\/p>\n<\/div>\r\n                <\/div>\r\n            <\/div>\r\n        <\/div>\r\n    <\/div>\r\n<\/section>\n\n\r\n<section\r\n    class=\"image-texte-gauche\"\r\n    style=\"background-image: url('https:\/\/dev.movefusion.eu\/wp-content\/uploads\/2025\/04\/trinoma-background-33.webp'); \"\r\n>\r\n    <div>\r\n        <div>\r\n            <h2>Ambiti di applicazione<\/h2>\r\n            <h3>Ogni progetto \u00e8 una sfida che accettiamo.<\/h3>\r\n            <div><p data-start=\"79\" data-end=\"220\">Che si tratti di sanit\u00e0, ricerca, scienze umane e sociali, intelligenza artificiale, sport o intrattenimento, la nostra forza \u00e8 l\u2019ingegneria.<\/p>\n<p data-start=\"222\" data-end=\"428\" data-is-last-node=\"\" data-is-only-node=\"\">Un know-how modulare, capace di adattarsi a ogni problematica e a ogni settore di attivit\u00e0. Perch\u00e9 ogni progetto rappresenta un nuovo campo di esplorazione, che affrontiamo con metodo, creativit\u00e0 e impegno.<\/p>\n<\/div>\r\n            <a href=\"https:\/\/trinoma.fr\/\" class=\"btn\" target=\"_blank\">More<\/a>\r\n        <\/div>\r\n    <\/div>\r\n<\/section>\n\n\r\n<section\r\n    class=\"trois-images\"\r\n    >\r\n    <div>\r\n        <img loading=\"lazy\" decoding=\"async\" width=\"768\" height=\"510\" src=\"https:\/\/dev.movefusion.eu\/wp-content\/uploads\/2026\/03\/human02-768x510.webp\" class=\"attachment-medium_large size-medium_large\" alt=\"Golf Movment capture\" srcset=\"https:\/\/dev.movefusion.eu\/wp-content\/uploads\/2026\/03\/human02-768x510.webp 768w, https:\/\/dev.movefusion.eu\/wp-content\/uploads\/2026\/03\/human02-300x199.webp 300w, https:\/\/dev.movefusion.eu\/wp-content\/uploads\/2026\/03\/human02-1024x680.webp 1024w, https:\/\/dev.movefusion.eu\/wp-content\/uploads\/2026\/03\/human02-1536x1020.webp 1536w, https:\/\/dev.movefusion.eu\/wp-content\/uploads\/2026\/03\/human02-2048x1360.webp 2048w, https:\/\/dev.movefusion.eu\/wp-content\/uploads\/2026\/03\/human02-1200x797.webp 1200w, https:\/\/dev.movefusion.eu\/wp-content\/uploads\/2026\/03\/human02-1980x1315.webp 1980w\" sizes=\"auto, (max-width: 768px) 100vw, 768px\" \/>        <img loading=\"lazy\" decoding=\"async\" width=\"768\" height=\"432\" src=\"https:\/\/dev.movefusion.eu\/wp-content\/uploads\/2025\/04\/movefusion_3-768x432.webp\" class=\"attachment-medium_large size-medium_large\" alt=\"Movefusion\" srcset=\"https:\/\/dev.movefusion.eu\/wp-content\/uploads\/2025\/04\/movefusion_3-768x432.webp 768w, https:\/\/dev.movefusion.eu\/wp-content\/uploads\/2025\/04\/movefusion_3-300x169.webp 300w, https:\/\/dev.movefusion.eu\/wp-content\/uploads\/2025\/04\/movefusion_3.webp 1000w\" sizes=\"auto, (max-width: 768px) 100vw, 768px\" \/>        <img loading=\"lazy\" decoding=\"async\" width=\"640\" height=\"360\" src=\"https:\/\/dev.movefusion.eu\/wp-content\/uploads\/2025\/04\/movefusion_5.webp\" class=\"attachment-medium_large size-medium_large\" alt=\"Movefusion\" srcset=\"https:\/\/dev.movefusion.eu\/wp-content\/uploads\/2025\/04\/movefusion_5.webp 640w, https:\/\/dev.movefusion.eu\/wp-content\/uploads\/2025\/04\/movefusion_5-300x169.webp 300w\" sizes=\"auto, (max-width: 640px) 100vw, 640px\" \/>    <\/div>\r\n    <div>\r\n        <p>un progresso sostenibile e condiviso<\/p>\r\n    <\/div>\r\n<\/section>\n\n\r\n<section\r\n    class=\"big-zone\"\r\n    >\r\n    <div>\r\n        <div style=\"background-image: url('https:\/\/dev.movefusion.eu\/wp-content\/uploads\/2025\/04\/trinoma-background-32.webp');\"><\/div>\r\n        <div>\r\n            <h2>Sanit\u00e0<\/h2>\r\n            <h3>Misurare per curare meglio<\/h3>\r\n            <div><p data-start=\"48\" data-end=\"401\">Nel campo medico, la precisione dell\u2019analisi del movimento rappresenta un fattore determinante per la diagnosi, la riabilitazione e la gestione terapeutica o chirurgica. MOVEFUSION accompagna i professionisti della salute, gli ospedali, le cliniche specializzate e gli ortopedici nell\u2019implementazione di sistemi di osservazione e valutazione funzionale.<\/p>\n<p data-start=\"403\" data-end=\"810\">Grazie a strumenti di captazione ottica 3D, piattaforme di forza, sensori EMG e soluzioni software dedicate, siamo in grado di misurare in modo oggettivo la mobilit\u00e0 di un paziente prima e dopo un intervento, durante un programma di riabilitazione o nell\u2019ambito di un monitoraggio a lungo termine. L\u2019obiettivo \u00e8 quantificare i progressi, adattare i protocolli e rendere pi\u00f9 affidabili le decisioni cliniche.<\/p>\n<p data-start=\"812\" data-end=\"1016\">MOVEFUSION collabora con partner come il Rehazenter in Lussemburgo, gli Ospedali Universitari di Ginevra e il Foot &amp; Ankle Institute di Bruxelles, con il supporto tecnico di Totum Motum, Samcon e Trinoma.<\/p>\n<p data-start=\"1018\" data-end=\"1263\" data-is-last-node=\"\" data-is-only-node=\"\">I nostri sistemi, evolutivi e personalizzabili, si integrano facilmente nelle strutture esistenti. Sono progettati per essere utilizzati dalle \u00e9quipe mediche, garantendo al contempo affidabilit\u00e0, comfort e rispetto delle condizioni dei pazienti.<\/p>\n<\/div>\r\n            <a href=\"https:\/\/trinoma.fr\/you-are\/sante\/\" class=\"btn\" target=\"_blank\">More<\/a>\r\n        <\/div>\r\n    <\/div>\r\n\r\n    <div>\r\n        <div>\r\n            <img loading=\"lazy\" decoding=\"async\" width=\"600\" height=\"400\" src=\"https:\/\/dev.movefusion.eu\/wp-content\/uploads\/2025\/04\/trinoma_60.webp\" class=\"attachment-medium_large size-medium_large\" alt=\"Movefusion per sanita\" srcset=\"https:\/\/dev.movefusion.eu\/wp-content\/uploads\/2025\/04\/trinoma_60.webp 600w, https:\/\/dev.movefusion.eu\/wp-content\/uploads\/2025\/04\/trinoma_60-300x200.webp 300w\" sizes=\"auto, (max-width: 600px) 100vw, 600px\" \/>            <img loading=\"lazy\" decoding=\"async\" width=\"768\" height=\"437\" src=\"https:\/\/dev.movefusion.eu\/wp-content\/uploads\/2025\/04\/trinoma_117-768x437.webp\" class=\"attachment-medium_large size-medium_large\" alt=\"Sanita robotica\" srcset=\"https:\/\/dev.movefusion.eu\/wp-content\/uploads\/2025\/04\/trinoma_117-768x437.webp 768w, https:\/\/dev.movefusion.eu\/wp-content\/uploads\/2025\/04\/trinoma_117-300x171.webp 300w, https:\/\/dev.movefusion.eu\/wp-content\/uploads\/2025\/04\/trinoma_117-1024x582.webp 1024w, https:\/\/dev.movefusion.eu\/wp-content\/uploads\/2025\/04\/trinoma_117-1536x873.webp 1536w, https:\/\/dev.movefusion.eu\/wp-content\/uploads\/2025\/04\/trinoma_117-1200x682.webp 1200w, https:\/\/dev.movefusion.eu\/wp-content\/uploads\/2025\/04\/trinoma_117.webp 1900w\" sizes=\"auto, (max-width: 768px) 100vw, 768px\" \/>        <\/div>\r\n        <div>\r\n            <h3>Ricerca e insegnamento<\/h3>\r\n            <div><p data-start=\"32\" data-end=\"350\">Il movimento umano rappresenta un campo di esplorazione inesauribile per i laboratori di ricerca nelle scienze umane, biomeccaniche, cognitive e sociali. MOVEFUSION mette a disposizione di ricercatori e docenti strumenti di misura e di analisi rigorosi, evolutivi e adatti a una grande variet\u00e0 di contesti scientifici.<\/p>\n<p data-start=\"352\" data-end=\"836\">I nostri dispositivi permettono di studiare fenomeni complessi come la coordinazione motoria, l\u2019interazione sociale, l\u2019apprendimento gestuale, la percezione sensoriale o le emozioni in situazioni reali. Nelle neuroscienze facilitano l\u2019osservazione del legame tra attivit\u00e0 cerebrale e movimento; nell\u2019ergonomia contribuiscono all\u2019ottimizzazione delle posture e degli ambienti di lavoro; in psicologia o nelle scienze dell\u2019educazione forniscono dati oggettivi sul comportamento motorio.<\/p>\n<p data-start=\"838\" data-end=\"1103\" data-is-last-node=\"\" data-is-only-node=\"\">Grazie alla modularit\u00e0 dei sistemi proposti (captazione ottica, misurazione EMG, modellizzazione 3D, sincronizzazione in tempo reale, cloud collaborativo), le nostre soluzioni si integrano sia nei laboratori pi\u00f9 avanzati sia in progetti educativi interdisciplinari.<\/p>\n<\/div>\r\n        <\/div>\r\n    <\/div>\r\n<\/section>\n\n\r\n<section\r\n    class=\"big-zone-texte-gauche\"\r\n     \r\n        style=\"margin-top: 5em; \"\r\n    >\r\n    <div style=\"background-image: url('https:\/\/dev.movefusion.eu\/wp-content\/uploads\/2025\/04\/trinoma_8.webp');\"><\/div>\r\n    <div>\r\n        <h2>Sport<\/h2>\r\n        <h3>Ottimizzare la performance,<br>prevenire gli infortuni<\/h3>\r\n        <div><p data-start=\"75\" data-end=\"491\">La performance sportiva si basa su una conoscenza approfondita del movimento. Che si tratti della falcata di un corridore, del gesto di un golfista o della postura di un ciclista, ogni dettaglio conta. MOVEFUSION mette a disposizione di allenatori, preparatori atletici, ricercatori e atleti strumenti avanzati di analisi, progettati per osservare, misurare e interpretare il movimento in tempo reale o in differita.<\/p>\n<p data-start=\"493\" data-end=\"906\">Le nostre soluzioni di captazione ottica, elettromiografia e modellizzazione biomeccanica consentono una valutazione oggettiva della gestualit\u00e0, del carico muscolare e della coordinazione. Questi dati preziosi permettono di costruire protocolli di allenamento personalizzati, correggere squilibri, evitare sovraccarichi e monitorare con precisione gli effetti della preparazione o del recupero dopo un infortunio.<\/p>\n<p data-start=\"908\" data-end=\"997\">Interveniamo sia in contesti di alto livello sia in strutture di formazione o di ricerca.<\/p>\n<p data-start=\"999\" data-end=\"1096\" data-is-last-node=\"\" data-is-only-node=\"\">La nostra ambizione: rendere la performance pi\u00f9 comprensibile, pi\u00f9 controllata e pi\u00f9 sostenibile.<\/p>\n<\/div>\r\n        <a href=\"https:\/\/trinoma.fr\/you-are\/sport\/\" class=\"btn\" target=\"_blank\">More<\/a>\r\n    <\/div>\r\n<\/section>","protected":false},"excerpt":{"rendered":"","protected":false},"author":1,"featured_media":499,"parent":0,"menu_order":0,"comment_status":"closed","ping_status":"closed","template":"","meta":{"_acf_changed":false,"footnotes":""},"class_list":["post-553","page","type-page","status-publish","has-post-thumbnail","hentry"],"acf":[],"yoast_head":"<!-- This site is optimized with the Yoast SEO plugin v26.3 - https:\/\/yoast.com\/wordpress\/plugins\/seo\/ -->\n<title>Human Motion Analysis for Health, Sport &amp; Research | Movefusion<\/title>\n<meta name=\"description\" content=\"Movefusion develops advanced motion capture and movement analysis technologies for healthcare, sport and research.\" \/>\n<meta name=\"robots\" content=\"noindex, follow, max-snippet:-1, max-image-preview:large, max-video-preview:-1\" \/>\n<meta property=\"og:locale\" content=\"it_IT\" \/>\n<meta property=\"og:type\" content=\"article\" \/>\n<meta property=\"og:title\" content=\"Human Motion Analysis for Health, Sport &amp; Research | Movefusion\" \/>\n<meta property=\"og:description\" content=\"Movefusion develops advanced motion capture and movement analysis technologies for healthcare, sport and research.\" \/>\n<meta property=\"og:url\" content=\"https:\/\/dev.movefusion.eu\/it\/human\/\" \/>\n<meta property=\"og:site_name\" content=\"Movefusion\" \/>\n<meta property=\"article:modified_time\" content=\"2026-03-27T14:05:43+00:00\" \/>\n<meta property=\"og:image\" content=\"https:\/\/dev.movefusion.eu\/wp-content\/uploads\/2025\/04\/movefusion.webp\" \/>\n\t<meta property=\"og:image:width\" content=\"1920\" \/>\n\t<meta property=\"og:image:height\" content=\"1280\" \/>\n\t<meta property=\"og:image:type\" content=\"image\/webp\" \/>\n<meta name=\"twitter:card\" content=\"summary_large_image\" \/>\n<meta name=\"twitter:label1\" content=\"Tempo di lettura stimato\" \/>\n\t<meta name=\"twitter:data1\" content=\"1 minuto\" \/>\n<script type=\"application\/ld+json\" class=\"yoast-schema-graph\">{\"@context\":\"https:\/\/schema.org\",\"@graph\":[{\"@type\":\"WebPage\",\"@id\":\"https:\/\/dev.movefusion.eu\/it\/human\/\",\"url\":\"https:\/\/dev.movefusion.eu\/it\/human\/\",\"name\":\"Human Motion Analysis for Health, Sport & Research | Movefusion\",\"isPartOf\":{\"@id\":\"https:\/\/dev.movefusion.eu\/#website\"},\"primaryImageOfPage\":{\"@id\":\"https:\/\/dev.movefusion.eu\/it\/human\/#primaryimage\"},\"image\":{\"@id\":\"https:\/\/dev.movefusion.eu\/it\/human\/#primaryimage\"},\"thumbnailUrl\":\"https:\/\/dev.movefusion.eu\/wp-content\/uploads\/2025\/04\/movefusion.webp\",\"datePublished\":\"2025-03-17T08:28:38+00:00\",\"dateModified\":\"2026-03-27T14:05:43+00:00\",\"description\":\"Movefusion develops advanced motion capture and movement analysis technologies for healthcare, sport and research.\",\"breadcrumb\":{\"@id\":\"https:\/\/dev.movefusion.eu\/it\/human\/#breadcrumb\"},\"inLanguage\":\"it-IT\",\"potentialAction\":[{\"@type\":\"ReadAction\",\"target\":[\"https:\/\/dev.movefusion.eu\/it\/human\/\"]}]},{\"@type\":\"ImageObject\",\"inLanguage\":\"it-IT\",\"@id\":\"https:\/\/dev.movefusion.eu\/it\/human\/#primaryimage\",\"url\":\"https:\/\/dev.movefusion.eu\/wp-content\/uploads\/2025\/04\/movefusion.webp\",\"contentUrl\":\"https:\/\/dev.movefusion.eu\/wp-content\/uploads\/2025\/04\/movefusion.webp\",\"width\":1920,\"height\":1280,\"caption\":\"Movefusion\"},{\"@type\":\"BreadcrumbList\",\"@id\":\"https:\/\/dev.movefusion.eu\/it\/human\/#breadcrumb\",\"itemListElement\":[{\"@type\":\"ListItem\",\"position\":1,\"name\":\"Accueil\",\"item\":\"https:\/\/dev.movefusion.eu\/it\/\"},{\"@type\":\"ListItem\",\"position\":2,\"name\":\"Umano\"}]},{\"@type\":\"WebSite\",\"@id\":\"https:\/\/dev.movefusion.eu\/#website\",\"url\":\"https:\/\/dev.movefusion.eu\/\",\"name\":\"Movefusion\",\"description\":\"Movefusion by Trinoma\",\"publisher\":{\"@id\":\"https:\/\/dev.movefusion.eu\/#organization\"},\"alternateName\":\"Movefusion\",\"potentialAction\":[{\"@type\":\"SearchAction\",\"target\":{\"@type\":\"EntryPoint\",\"urlTemplate\":\"https:\/\/dev.movefusion.eu\/?s={search_term_string}\"},\"query-input\":{\"@type\":\"PropertyValueSpecification\",\"valueRequired\":true,\"valueName\":\"search_term_string\"}}],\"inLanguage\":\"it-IT\"},{\"@type\":\"Organization\",\"@id\":\"https:\/\/dev.movefusion.eu\/#organization\",\"name\":\"Movefusion\",\"alternateName\":\"Movefusion\",\"url\":\"https:\/\/dev.movefusion.eu\/\",\"logo\":{\"@type\":\"ImageObject\",\"inLanguage\":\"it-IT\",\"@id\":\"https:\/\/dev.movefusion.eu\/#\/schema\/logo\/image\/\",\"url\":\"https:\/\/dev.movefusion.eu\/wp-content\/uploads\/2024\/07\/logo_movefusion.webp\",\"contentUrl\":\"https:\/\/dev.movefusion.eu\/wp-content\/uploads\/2024\/07\/logo_movefusion.webp\",\"width\":843,\"height\":596,\"caption\":\"Movefusion\"},\"image\":{\"@id\":\"https:\/\/dev.movefusion.eu\/#\/schema\/logo\/image\/\"}}]}<\/script>\n<!-- \/ Yoast SEO plugin. -->","yoast_head_json":{"title":"Human Motion Analysis for Health, Sport & Research | Movefusion","description":"Movefusion develops advanced motion capture and movement analysis technologies for healthcare, sport and research.","robots":{"index":"noindex","follow":"follow","max-snippet":"max-snippet:-1","max-image-preview":"max-image-preview:large","max-video-preview":"max-video-preview:-1"},"og_locale":"it_IT","og_type":"article","og_title":"Human Motion Analysis for Health, Sport & Research | Movefusion","og_description":"Movefusion develops advanced motion capture and movement analysis technologies for healthcare, sport and research.","og_url":"https:\/\/dev.movefusion.eu\/it\/human\/","og_site_name":"Movefusion","article_modified_time":"2026-03-27T14:05:43+00:00","og_image":[{"width":1920,"height":1280,"url":"https:\/\/dev.movefusion.eu\/wp-content\/uploads\/2025\/04\/movefusion.webp","type":"image\/webp"}],"twitter_card":"summary_large_image","twitter_misc":{"Tempo di lettura stimato":"1 minuto"},"schema":{"@context":"https:\/\/schema.org","@graph":[{"@type":"WebPage","@id":"https:\/\/dev.movefusion.eu\/it\/human\/","url":"https:\/\/dev.movefusion.eu\/it\/human\/","name":"Human Motion Analysis for Health, Sport & Research | Movefusion","isPartOf":{"@id":"https:\/\/dev.movefusion.eu\/#website"},"primaryImageOfPage":{"@id":"https:\/\/dev.movefusion.eu\/it\/human\/#primaryimage"},"image":{"@id":"https:\/\/dev.movefusion.eu\/it\/human\/#primaryimage"},"thumbnailUrl":"https:\/\/dev.movefusion.eu\/wp-content\/uploads\/2025\/04\/movefusion.webp","datePublished":"2025-03-17T08:28:38+00:00","dateModified":"2026-03-27T14:05:43+00:00","description":"Movefusion develops advanced motion capture and movement analysis technologies for healthcare, sport and research.","breadcrumb":{"@id":"https:\/\/dev.movefusion.eu\/it\/human\/#breadcrumb"},"inLanguage":"it-IT","potentialAction":[{"@type":"ReadAction","target":["https:\/\/dev.movefusion.eu\/it\/human\/"]}]},{"@type":"ImageObject","inLanguage":"it-IT","@id":"https:\/\/dev.movefusion.eu\/it\/human\/#primaryimage","url":"https:\/\/dev.movefusion.eu\/wp-content\/uploads\/2025\/04\/movefusion.webp","contentUrl":"https:\/\/dev.movefusion.eu\/wp-content\/uploads\/2025\/04\/movefusion.webp","width":1920,"height":1280,"caption":"Movefusion"},{"@type":"BreadcrumbList","@id":"https:\/\/dev.movefusion.eu\/it\/human\/#breadcrumb","itemListElement":[{"@type":"ListItem","position":1,"name":"Accueil","item":"https:\/\/dev.movefusion.eu\/it\/"},{"@type":"ListItem","position":2,"name":"Umano"}]},{"@type":"WebSite","@id":"https:\/\/dev.movefusion.eu\/#website","url":"https:\/\/dev.movefusion.eu\/","name":"Movefusion","description":"Movefusion by Trinoma","publisher":{"@id":"https:\/\/dev.movefusion.eu\/#organization"},"alternateName":"Movefusion","potentialAction":[{"@type":"SearchAction","target":{"@type":"EntryPoint","urlTemplate":"https:\/\/dev.movefusion.eu\/?s={search_term_string}"},"query-input":{"@type":"PropertyValueSpecification","valueRequired":true,"valueName":"search_term_string"}}],"inLanguage":"it-IT"},{"@type":"Organization","@id":"https:\/\/dev.movefusion.eu\/#organization","name":"Movefusion","alternateName":"Movefusion","url":"https:\/\/dev.movefusion.eu\/","logo":{"@type":"ImageObject","inLanguage":"it-IT","@id":"https:\/\/dev.movefusion.eu\/#\/schema\/logo\/image\/","url":"https:\/\/dev.movefusion.eu\/wp-content\/uploads\/2024\/07\/logo_movefusion.webp","contentUrl":"https:\/\/dev.movefusion.eu\/wp-content\/uploads\/2024\/07\/logo_movefusion.webp","width":843,"height":596,"caption":"Movefusion"},"image":{"@id":"https:\/\/dev.movefusion.eu\/#\/schema\/logo\/image\/"}}]}},"_links":{"self":[{"href":"https:\/\/dev.movefusion.eu\/it\/wp-json\/wp\/v2\/pages\/553","targetHints":{"allow":["GET"]}}],"collection":[{"href":"https:\/\/dev.movefusion.eu\/it\/wp-json\/wp\/v2\/pages"}],"about":[{"href":"https:\/\/dev.movefusion.eu\/it\/wp-json\/wp\/v2\/types\/page"}],"author":[{"embeddable":true,"href":"https:\/\/dev.movefusion.eu\/it\/wp-json\/wp\/v2\/users\/1"}],"replies":[{"embeddable":true,"href":"https:\/\/dev.movefusion.eu\/it\/wp-json\/wp\/v2\/comments?post=553"}],"version-history":[{"count":1,"href":"https:\/\/dev.movefusion.eu\/it\/wp-json\/wp\/v2\/pages\/553\/revisions"}],"predecessor-version":[{"id":630,"href":"https:\/\/dev.movefusion.eu\/it\/wp-json\/wp\/v2\/pages\/553\/revisions\/630"}],"wp:featuredmedia":[{"embeddable":true,"href":"https:\/\/dev.movefusion.eu\/it\/wp-json\/wp\/v2\/media\/499"}],"wp:attachment":[{"href":"https:\/\/dev.movefusion.eu\/it\/wp-json\/wp\/v2\/media?parent=553"}],"curies":[{"name":"wp","href":"https:\/\/api.w.org\/{rel}","templated":true}]}}